{"id":12,"date":"2015-01-12T11:08:47","date_gmt":"2015-01-12T10:08:47","guid":{"rendered":"http:\/\/folkbat.se\/wordpress\/?page_id=12"},"modified":"2026-03-28T17:50:30","modified_gmt":"2026-03-28T16:50:30","slug":"styrelse","status":"publish","type":"page","link":"https:\/\/folkbat.se\/wordpress\/?page_id=12","title":{"rendered":"Styrelse"},"content":{"rendered":"\n<p>Kontaktuppgifter till <a href=\"https:\/\/folkbat.se\/wordpress\/?page_id=2246\" data-type=\"page\" data-id=\"2246\">\u00f6vriga f\u00f6rbundsfunktion\u00e4rer<\/a><\/p>\n\n\n\n<p><strong>Ordf\u00f6rande<\/strong><br>P\u00e4r Johanson<br>Norrstigen 24<br>181 31 Liding\u00f6<br>073-042 15 15\u202c<br><a href=\"mailto:johanson.par@gmail.com\" data-type=\"mailto\" data-id=\"mailto:johanson.par@gmail.com\">johanson.par@gmail.com<\/a><\/p>\n\n\n\n<p><strong>Vice ordf\u00f6rande<\/strong><br>Alexander Bratt<br><a href=\"mailto:ascbratt@gmail.com\">ascbratt@gmail.com<\/a><\/p>\n\n\n\n<p><strong>Kass\u00f6r och medlemsregister<\/strong><br>Elisabet Rosenqvist<br>073-029 85 55<br><a href=\"mailto:elisabetrosenqvist@hotmail.com\">elisabetrosenqvist@hotmail.com<\/a><\/p>\n\n\n\n<p><strong>Sekreterare<\/strong><br>Lars Wramner<br>Eklandagatan 1<br>412 55 G\u00f6teborg<br>076-002 19 89<br><a title=\"larswramner@gmail.com\" href=\"mailto:larswramner@gmail.com\">larswramner@gmail.com<\/a><\/p>\n\n\n\n<p><strong>M\u00e4tchef<\/strong><br>Gunnar Bonthelius<br>Pilgatan 24, lgh 1201<br>112 23 Stockholm<br>070-812 96 66<br><a href=\"mailto:gunnarb52@outlook.com\" data-type=\"mailto\" data-id=\"mailto:gunnarb52@outlook.com\">gunnarb52@outlook.com<\/a><\/p>\n\n\n\n<p><strong>T\u00e4vlingsansvarig<\/strong><br>Hans Torl\u00e9n<br>Sj\u00f6kvarnsbacken 12<br>131 71 Nacka<br>070-517 09 49<br><a href=\"mailto:hans@torlen.se\">hans@torlen.se<\/a><\/p>\n\n\n\n<p><strong>Medieansvarig<\/strong><br>Karl-Johan Ericsson<br>Industrigatan 2<br>546 71 M\u00f6lltorp<br>070-248 25 20<br><a href=\"mailto:karl-johan.ericsson@aspapulp.com\">karl-johan.ericsson@aspapulp.com<\/a><br><\/p>\n","protected":false},"excerpt":{"rendered":"<p>Kontaktuppgifter till \u00f6vriga f\u00f6rbundsfunktion\u00e4rer Ordf\u00f6randeP\u00e4r JohansonNorrstigen 24181 31 Liding\u00f6073-042 15 15\u202cjohanson.par@gmail.com Vice ordf\u00f6randeAlexander Brattascbratt@gmail.com Kass\u00f6r och medlemsregisterElisabet Rosenqvist073-029 85 55elisabetrosenqvist@hotmail.com SekreterareLars WramnerEklandagatan 1412 55 G\u00f6teborg076-002 19 89larswramner@gmail.com M\u00e4tchefGunnar BontheliusPilgatan 24, lgh 1201112 23 Stockholm070-812 96 66gunnarb52@outlook.com T\u00e4vlingsansvarigHans Torl\u00e9nSj\u00f6kvarnsbacken 12131 71&hellip; <a href=\"https:\/\/folkbat.se\/wordpress\/?page_id=12\" class=\"apace-readmore-link\"><span class=\"screen-reader-text\">Styrelse<\/span>L\u00e4s mer<\/a><\/p>\n","protected":false},"author":1,"featured_media":0,"parent":21,"menu_order":0,"comment_status":"closed","ping_status":"closed","template":"","meta":{"jetpack_post_was_ever_published":false,"footnotes":""},"class_list":["post-12","page","type-page","status-publish","hentry"],"jetpack_sharing_enabled":true,"jetpack_shortlink":"https:\/\/wp.me\/P5CsWc-c","jetpack-related-posts":[{"id":4195,"url":"https:\/\/folkbat.se\/wordpress\/?page_id=4195","url_meta":{"origin":12,"position":0},"title":"Sk\u00e5ne","author":"Webbmaster","date":"16 juni 2025","format":false,"excerpt":"Ordf\u00f6rande Anders Carlzon anders.carlzon@telia.com Vice Ordf\u00f6rande och Lokalombud \u00d6resund Kenneth Nilsson carpe-diem.ken@telia.com Kass\u00f6r Elisabet Rosenqvist elisabetrosenqvist@hotmail.com Sekreterare Martin Johansson martin.johansson757@gmail.com Ledamot Ulf Bj\u00f6rk info@sydsegel.se Suppleant Anders Polsten anders@polsten.se","rel":"","context":"Liknande inl\u00e4gg","block_context":{"text":"Liknande inl\u00e4gg","link":""},"img":{"alt_text":"","src":"","width":0,"height":0},"classes":[]},{"id":2246,"url":"https:\/\/folkbat.se\/wordpress\/?page_id=2246","url_meta":{"origin":12,"position":1},"title":"F\u00f6rbundsfunktion\u00e4rer","author":"Webbmaster","date":"2 november 2020","format":false,"excerpt":"Kontaktuppgifter till styrelsen KontaktpersonerHalmstad: Lars\u00a0Evaldsson, 070-814 55 78, lars.evalds\u00adson@telia.comKarlsborg: Karl-Johan\u00a0Erics\u00adson, 070-248 25 20, karl-johan.ericsson@ahlstrom.comMalm\u00f6: Anders\u00a0Carlzon, 040-15 45 19, anderscarlzon@icloud.comStockholm: Hob\u00adbe\u00a0W\u00e4rneg\u00e5rd, 073-598 99 13, hobrik@hobrik.seYstad: Pehr\u00a0Ola\u00a0Pehrs\u00adson, pehr.ola.pehrs\u00adson@telia.com Redakt\u00f6rer f\u00f6r Folkb\u00e5tsnyttPer H\u00f6rberg (per.hrberg@samutveckling.se)G\u00f6ran SvenssonAlexander Bratt Webbredakt\u00f6rAlexander Bratt (webb@folkbat.se) F\u00f6rbundsm\u00e4tpersonerPer Lindell (G\u00f6teborg; per.h.lindell@gmail.com)Pehr Ola Persson (Ystad; pehr.ola.pehrsson@telia.com)Johan Tuvstedt (T\u00e4by; johan@tuvstedt.se)","rel":"","context":"Liknande inl\u00e4gg","block_context":{"text":"Liknande inl\u00e4gg","link":""},"img":{"alt_text":"","src":"","width":0,"height":0},"classes":[]}],"_links":{"self":[{"href":"https:\/\/folkbat.se\/wordpress\/index.php?rest_route=\/wp\/v2\/pages\/12","targetHints":{"allow":["GET"]}}],"collection":[{"href":"https:\/\/folkbat.se\/wordpress\/index.php?rest_route=\/wp\/v2\/pages"}],"about":[{"href":"https:\/\/folkbat.se\/wordpress\/index.php?rest_route=\/wp\/v2\/types\/page"}],"author":[{"embeddable":true,"href":"https:\/\/folkbat.se\/wordpress\/index.php?rest_route=\/wp\/v2\/users\/1"}],"replies":[{"embeddable":true,"href":"https:\/\/folkbat.se\/wordpress\/index.php?rest_route=%2Fwp%2Fv2%2Fcomments&post=12"}],"version-history":[{"count":34,"href":"https:\/\/folkbat.se\/wordpress\/index.php?rest_route=\/wp\/v2\/pages\/12\/revisions"}],"predecessor-version":[{"id":4448,"href":"https:\/\/folkbat.se\/wordpress\/index.php?rest_route=\/wp\/v2\/pages\/12\/revisions\/4448"}],"up":[{"embeddable":true,"href":"https:\/\/folkbat.se\/wordpress\/index.php?rest_route=\/wp\/v2\/pages\/21"}],"wp:attachment":[{"href":"https:\/\/folkbat.se\/wordpress\/index.php?rest_route=%2Fwp%2Fv2%2Fmedia&parent=12"}],"curies":[{"name":"wp","href":"https:\/\/api.w.org\/{rel}","templated":true}]}}