{"id":1209,"date":"2017-02-28T22:23:05","date_gmt":"2017-02-28T21:23:05","guid":{"rendered":"http:\/\/folkbat.se\/wordpress\/?page_id=1209"},"modified":"2024-08-28T13:14:06","modified_gmt":"2024-08-28T11:14:06","slug":"kom-igang-och-segla","status":"publish","type":"page","link":"https:\/\/folkbat.se\/wordpress\/?page_id=1209","title":{"rendered":"Kom ig\u00e5ng och segla!"},"content":{"rendered":"\n<p>Vi \u00e4r drygt 20 kappseglande b\u00e5tar i Sverige och \u00f6ver 200 i Nordeuropa. Varje \u00e5r seglar vi om Svenskt m\u00e4sterskap och om Guldpokalen (v\u00e5r internationella t\u00e4vling) i Norden eller Tyskland samt andra t\u00e4vlingar i Sverige och Norden.<\/p>\n\n\n\n<h3 class=\"wp-block-heading\">Aktuella kappseglingar<\/h3>\n\n\n\n<p><a href=\"https:\/\/folkbat.se\/wordpress\/?post_type=tribe_events\">H\u00e4r finns kappseglingsprogrammet<\/a><\/p>\n\n\n\n<h3 class=\"wp-block-heading\">Begagnade folkb\u00e5tar och tillbeh\u00f6r<\/h3>\n\n\n\n<p>Du f\u00e5r en bra plastb\u00e5t fr\u00e5n cirka 150 000 kronor och upp\u00e5t beroende p\u00e5 utrustning, tr\u00e4b\u00e5tar \u00e4r billigare.<strong>&nbsp;<\/strong><\/p>\n\n\n\n<ul class=\"wp-block-list\">\n<li>Svenska Folkb\u00e5tsf\u00f6rbundet: <a href=\"https:\/\/folkbat.se\/wordpress\/?cat=6\">folkbat.se<\/a><\/li>\n\n\n\n<li>Dansk Folkeb\u00e5dsklub: <a href=\"https:\/\/www.folkebaad.dk\/koeb-salgsopslag\/\">folkebaad.dk\/koeb-salgsopslag\/<\/a><\/li>\n\n\n\n<li>Deutsche Folkeboot Vereinigung: <a href=\"https:\/\/www.folkeboot.de\/marktplatz\">folkeboot.de\/marktplatz<\/a><\/li>\n\n\n\n<li>Finlands Folkb\u00e5tf\u00f6rbund: <a href=\"http:\/\/folkkari.net\">folkkari.net<\/a><\/li>\n\n\n\n<li>Nordic Folkboat International Association: <a href=\"https:\/\/folkboat.com\/category\/for-sale\/\">folkboat.com\/category\/for-sale\/<\/a><\/li>\n\n\n\n<li><a href=\"http:\/\/blocket.se\">blocket.se<\/a><\/li>\n\n\n\n<li><a href=\"http:\/\/www.scanboat.com\">www.scanboat.com<\/a><\/li>\n<\/ul>\n\n\n\n<h3 class=\"wp-block-heading\">Nya folkb\u00e5tar i GRP<\/h3>\n\n\n\n<ul class=\"wp-block-list\">\n<li>Folkboat Centrale Haubold Yachting (Berlin, Tyskland) <a href=\"http:\/\/www.folkboat.de\">www.folkboat.de<\/a><\/li>\n\n\n\n<li>Brandt-M\u00f8llers B\u00e5debyggeri (J\u00e6gerspris, Danmark): <a href=\"http:\/\/www.divaroyal.com\">www.divaroyal.com<\/a><\/li>\n<\/ul>\n\n\n\n<h3 class=\"wp-block-heading\">Ny rundhult<\/h3>\n\n\n\n<ul class=\"wp-block-list\">\n<li>Benns (Saltsj\u00f6-Boo): <a href=\"http:\/\/www.benns.se\">benns.se<\/a> \u2013 mast och bom i aluminium.<\/li>\n\n\n\n<li>John Mast (Greve, Danmark): <a href=\"http:\/\/www.johnmast.dk\/\">johnmast.dk<\/a> \u2013 mast och bom i aluminium.<\/li>\n\n\n\n<li>Folkemast (Kerteminde, Danmark): <a href=\"http:\/\/folkemast.dk\">folkemast.dk<\/a> \u2013 mast och bom i aluminium.<\/li>\n<\/ul>\n\n\n\n<h3 class=\"wp-block-heading\">Trailers<\/h3>\n\n\n\n<p>BE-k\u00f6rkort kr\u00e4vs; bilen ska kunna dra 2500 kg.<\/p>\n\n\n\n<ul class=\"wp-block-list\">\n<li>CO-sl\u00e4pet, Rottneros: <a href=\"http:\/\/coslapet.se\">coslapet.se<\/a><\/li>\n\n\n\n<li>Vlemmix trailer, Vara: <a href=\"http:\/\/vlemmix.se\">vlemmix.se<\/a>. Fr\u00e5n ca 35.000 kr inkl moms.<\/li>\n\n\n\n<li>Harbeck trailer: <a href=\"http:\/\/harbeck.de\">harbeck.de <\/a><\/li>\n\n\n\n<li>Trailerhandel: <a href=\"http:\/\/trailerhandel.de\">trailerhandel.de<\/a><\/li>\n<\/ul>\n\n\n\n<p><strong>Aktuella kontakter i Folkb\u00e5tsklubbarna \u2013 v\u00e4lkommen att diskutera:<\/strong><br>h\u00f6r av dig till <a href=\"https:\/\/folkbat.se\/wordpress\/?page_id=12\">styrelsen<\/a> f\u00f6r kontaktuppgifter.<\/p>\n\n\n\n<p>Folkboats Forever!<\/p>\n","protected":false},"excerpt":{"rendered":"<p>Vi \u00e4r drygt 20 kappseglande b\u00e5tar i Sverige och \u00f6ver 200 i Nordeuropa. Varje \u00e5r seglar vi om Svenskt m\u00e4sterskap och om Guldpokalen (v\u00e5r internationella t\u00e4vling) i Norden eller Tyskland samt andra t\u00e4vlingar i Sverige och Norden. Aktuella kappseglingar H\u00e4r&hellip; <a href=\"https:\/\/folkbat.se\/wordpress\/?page_id=1209\" class=\"apace-readmore-link\"><span class=\"screen-reader-text\">Kom ig\u00e5ng och segla!<\/span>L\u00e4s mer<\/a><\/p>\n","protected":false},"author":1,"featured_media":0,"parent":0,"menu_order":1,"comment_status":"closed","ping_status":"closed","template":"","meta":{"jetpack_post_was_ever_published":false,"footnotes":""},"class_list":["post-1209","page","type-page","status-publish","hentry"],"jetpack_sharing_enabled":true,"jetpack_shortlink":"https:\/\/wp.me\/P5CsWc-jv","jetpack-related-posts":[{"id":53,"url":"https:\/\/folkbat.se\/wordpress\/?page_id=53","url_meta":{"origin":1209,"position":0},"title":"Historia","author":"Webbmaster","date":"12 januari 2015","format":false,"excerpt":"Folkb\u00e5ten har en tradition. Detta \u00e4r en omistlig kvalit\u00e9 som tycks uppskattas mer och mer och som kanske \u00e4r en delf\u00f6rklaring till den goda sammanh\u00e5llning som man finner bland t. ex. Folkb\u00e5tseglare, Sk\u00e4rg\u00e5rdskryssare, Neppare m. fl. Folkb\u00e5ten fyller 2002 60 \u00e5r. H\u00e4r \u00e4r en tillbakablick: Id\u00e9n I slutet av 30-talet\u2026","rel":"","context":"Liknande inl\u00e4gg","block_context":{"text":"Liknande inl\u00e4gg","link":""},"img":{"alt_text":"","src":"","width":0,"height":0},"classes":[]},{"id":1177,"url":"https:\/\/folkbat.se\/wordpress\/?page_id=1177","url_meta":{"origin":1209,"position":1},"title":"V\u00e4stkusten","author":"Webbmaster","date":"7 februari 2017","format":false,"excerpt":"V\u00e4stkusten2016 f\u00e5r vi nog kalla en riktig l\u00e5gs\u00e4song h\u00e4r i v\u00e4st. Deltagarantalet p\u00e5 v\u00e5ra seglingar har varit osedvanligt l\u00e5gt. SM p\u00e5 V\u00e4rtan lockade inte s\u00e5 ist\u00e4llet \u00e5kte n\u00e5gra ner till Danska M\u00e4sterskapet i Skovshoved. D\u00e4r visade det sig som vanligt att \u201dDi danske\u201d var sv\u00e5rslagna. Men \u201dPaj\u201d fr\u00e5n Karlshamn snodde\u2026","rel":"","context":"Liknande inl\u00e4gg","block_context":{"text":"Liknande inl\u00e4gg","link":""},"img":{"alt_text":"","src":"","width":0,"height":0},"classes":[]},{"id":2705,"url":"https:\/\/folkbat.se\/wordpress\/?page_id=2705","url_meta":{"origin":1209,"position":2},"title":"Videotek","author":"Webbmaster","date":"15 november 2021","format":false,"excerpt":"Filmer fr\u00e5n kappseglingar (nyast f\u00f6rst) https:\/\/youtube.com\/playlist?list=PL_ahfjNMH5ca4Y4UHxTnxpu-Qg2aNsq3p Svenska Seglarf\u00f6rbundets Fystr\u00e4ning f\u00f6r seglare med Karin Wigforss https:\/\/youtube.com\/playlist?list=PLmKAz4ckuV9XNmwYF4Ow_Q7xTEyz2vXRu Sj\u00f6historiskas presentation om folkb\u00e5ten https:\/\/youtu.be\/b1Zas93Ssq4 Folkb\u00e5tsvisor https:\/\/youtube.com\/playlist?list=PL_ahfjNMH5cZWrNo5TloDCjkDEhGRFN0N","rel":"","context":"Liknande inl\u00e4gg","block_context":{"text":"Liknande inl\u00e4gg","link":""},"img":{"alt_text":"","src":"https:\/\/i0.wp.com\/img.youtube.com\/vi\/PL_ahfjNMH5ca4Y4UHxTnxpu-Qg2aNsq3p\/0.jpg?resize=350%2C200","width":350,"height":200},"classes":[]},{"id":50,"url":"https:\/\/folkbat.se\/wordpress\/?page_id=50","url_meta":{"origin":1209,"position":3},"title":"L\u00e4nkar","author":"Webbmaster","date":"12 januari 2015","format":false,"excerpt":"F\u00f6rbund Svenska Seglarf\u00f6rbundetNordic Folkboat International AssociationDansk Folkeb\u00e5dsklubEesti Folkbootide Flotill (Estland)Finlands Folkb\u00e5tsf\u00f6rbundNederlandse Folkboot Club (Nederl\u00e4nderna)Asociaci\u00f3n Nordic Folkboat Espa\u00f1a (Spanien)UK Folkboat AssociationDeutsche Folkeboot VereinigungFolkeboot Magyarorsz\u00e1gon (Ungern)SF Bay Folkboat Association B\u00e5tbyggare och tillbeh\u00f6r Nya och begagnade b\u00e5tar och tillbeh\u00f6r, se Kom ig\u00e5ng och segla! Mats b\u00e5tbyggeri \u2013\u00a0master och bommar i tr\u00e4.Annell b\u00e5tbyggeri \u2013\u2026","rel":"","context":"Liknande inl\u00e4gg","block_context":{"text":"Liknande inl\u00e4gg","link":""},"img":{"alt_text":"","src":"","width":0,"height":0},"classes":[]},{"id":531,"url":"https:\/\/folkbat.se\/wordpress\/?page_id=531","url_meta":{"origin":1209,"position":4},"title":"K\u00f6pa folkb\u00e5t","author":"Webbmaster","date":"20 augusti 2015","format":false,"excerpt":"Folkb\u00e5ten \u00e4r en robust konstruktion, och n\u00e5gra direkt svaga punkter finns ej. Ska du k\u00f6pa en Folkb\u00e5t f\u00f6r enbart turseglig \u00e4r det d\u00e4rf\u00f6r inte s\u00e5 mycket att s\u00e4ga om just Folkb\u00e5ten. En grundlig inspektion av hela b\u00e5ten, g\u00e4rna tillsammans med en erfaren kamrat, b\u00f6r sj\u00e4lvklart g\u00f6ras f\u00f6re sj\u00e4lva k\u00f6pet. Dock\u2026","rel":"","context":"Med 1 kommentar","block_context":{"text":"Med 1 kommentar","link":"https:\/\/folkbat.se\/wordpress\/?page_id=531#comments"},"img":{"alt_text":"","src":"","width":0,"height":0},"classes":[]},{"id":2961,"url":"https:\/\/folkbat.se\/wordpress\/?page_id=2961","url_meta":{"origin":1209,"position":5},"title":"Bilder","author":"Webbmaster","date":"12 augusti 2022","format":false,"excerpt":"Svenska m\u00e4sterskapet 2022 i Ystad Search Magazine Classic Challenge 2017 Svenska m\u00e4sterskapet 2016 i Stockholm Guldpokalen 1982 i Simrishamn Finlands Folkb\u00e5tsf\u00f6rbunds bildarkiv: https:\/\/www.folkkari.net\/32425","rel":"","context":"Liknande inl\u00e4gg","block_context":{"text":"Liknande inl\u00e4gg","link":""},"img":{"alt_text":"","src":"https:\/\/i0.wp.com\/folkbat.se\/wordpress\/wp-content\/uploads\/2022\/08\/liten-fil-8111002.jpg?resize=350%2C200","width":350,"height":200,"srcset":"https:\/\/i0.wp.com\/folkbat.se\/wordpress\/wp-content\/uploads\/2022\/08\/liten-fil-8111002.jpg?resize=350%2C200 1x, https:\/\/i0.wp.com\/folkbat.se\/wordpress\/wp-content\/uploads\/2022\/08\/liten-fil-8111002.jpg?resize=525%2C300 1.5x, https:\/\/i0.wp.com\/folkbat.se\/wordpress\/wp-content\/uploads\/2022\/08\/liten-fil-8111002.jpg?resize=700%2C400 2x, https:\/\/i0.wp.com\/folkbat.se\/wordpress\/wp-content\/uploads\/2022\/08\/liten-fil-8111002.jpg?resize=1050%2C600 3x, https:\/\/i0.wp.com\/folkbat.se\/wordpress\/wp-content\/uploads\/2022\/08\/liten-fil-8111002.jpg?resize=1400%2C800 4x"},"classes":[]}],"_links":{"self":[{"href":"https:\/\/folkbat.se\/wordpress\/index.php?rest_route=\/wp\/v2\/pages\/1209","targetHints":{"allow":["GET"]}}],"collection":[{"href":"https:\/\/folkbat.se\/wordpress\/index.php?rest_route=\/wp\/v2\/pages"}],"about":[{"href":"https:\/\/folkbat.se\/wordpress\/index.php?rest_route=\/wp\/v2\/types\/page"}],"author":[{"embeddable":true,"href":"https:\/\/folkbat.se\/wordpress\/index.php?rest_route=\/wp\/v2\/users\/1"}],"replies":[{"embeddable":true,"href":"https:\/\/folkbat.se\/wordpress\/index.php?rest_route=%2Fwp%2Fv2%2Fcomments&post=1209"}],"version-history":[{"count":14,"href":"https:\/\/folkbat.se\/wordpress\/index.php?rest_route=\/wp\/v2\/pages\/1209\/revisions"}],"predecessor-version":[{"id":3813,"href":"https:\/\/folkbat.se\/wordpress\/index.php?rest_route=\/wp\/v2\/pages\/1209\/revisions\/3813"}],"wp:attachment":[{"href":"https:\/\/folkbat.se\/wordpress\/index.php?rest_route=%2Fwp%2Fv2%2Fmedia&parent=1209"}],"curies":[{"name":"wp","href":"https:\/\/api.w.org\/{rel}","templated":true}]}}