{"id":133,"date":"2015-01-22T14:53:24","date_gmt":"2015-01-22T13:53:24","guid":{"rendered":"http:\/\/folkbat.se\/wordpress\/?page_id=133"},"modified":"2023-03-15T12:48:19","modified_gmt":"2023-03-15T11:48:19","slug":"batvard","status":"publish","type":"page","link":"https:\/\/folkbat.se\/wordpress\/?page_id=133","title":{"rendered":"Classic Folkb\u00e5t \u2013 samlade tips och id\u00e9er"},"content":{"rendered":"<p>H\u00e4r \u00e4r den virtuella versionen av den beramade &#8221;Folkb\u00e5tsp\u00e4rmen&#8221;, den fysiska p\u00e4rmen kan k\u00f6pas genom Olle Lundgren, se nedan.<\/p>\n<figure style=\"width: 200px\" class=\"wp-caption alignright\"><img data-recalc-dims=\"1\" loading=\"lazy\" decoding=\"async\" class=\"\" src=\"https:\/\/i0.wp.com\/2.bp.blogspot.com\/_t7rvjHXh2kc\/SWuWIXsPjuI\/AAAAAAAABHw\/aJIzwJMNdwE\/s400\/parmen.jpg?resize=200%2C245\" alt=\"\" width=\"200\" height=\"245\" \/><figcaption class=\"wp-caption-text\"><em>Classic Folkb\u00e5t \u2013 samlade tips och id\u00e9er<\/em><\/figcaption><\/figure>\n<p>Denna p\u00e4rm \u00e4r t\u00e4nkt att vara en hj\u00e4lp och ett st\u00f6d till alla tr\u00e4folkb\u00e5ts\u00e4gare. Den inneh\u00e5ller en samling artiklar om b\u00e5de underh\u00e5ll och reparationer p\u00e5 tr\u00e4folkan och dessutom synpunkter och id\u00e9er om hur man kan g\u00f6ra sin folkb\u00e5t vackare, trevligare och s\u00e4krare. De flesta av artiklarna har f\u00f6rekommit i Folkb\u00e5tsnytt under \u00e5rens lopp. Vissa, som har m\u00e5nga \u00e5r p\u00e5 nacken har varsamt anpassats till dagens situation. M\u00e5nga \u00e5sikter finns om hur en tr\u00e4b\u00e5t skall sk\u00f6tas och trimmas. Artiklarna skall ej ses som n\u00e5gon officiell \u00e5sikt f\u00f6r Svenska Folkb\u00e5tsf\u00f6rbundet utan speglar varje f\u00f6rfattares erfarenheter. Ut\u00f6ver artiklarna finns \u00e4ven Folkb\u00e5tens klassbest\u00e4mmelser samt konstruktions- och riggritningar.<\/p>\n<p>Referensverket f\u00f6r allt underh\u00e5ll och reparationer av en tr\u00e4b\u00e5t \u00e4r boken <em>Tr\u00e4b\u00e5tsrenovering<\/em> av Thomas Larsson som utgivits p\u00e5 Nautiska F\u00f6rlaget \u00e5r 2002. Den inneh\u00e5ller det mesta man beh\u00f6ver veta f\u00f6r att p\u00e5 ett bra s\u00e4tt underh\u00e5lla och renovera sin tr\u00e4b\u00e5t.<\/p>\n<p>I denna samling artiklar \u00e4r fokus naturligtvis p\u00e5 tr\u00e4folkan och det som speciellt g\u00e4ller denna b\u00e5ttyp.<\/p>\n<p>Tanken med denna artikelsamling \u00e4r att den skall vara ett levande dokument. Detta betyder att vi avser att kontinuerligt uppdatera den med nya artiklar som kan vara av intresse . Du kan sj\u00e4lv vara delaktig i denna kontinuitet genom att bidra med Dina erfarenheter. Har Du genomf\u00f6rt f\u00f6r\u00e4ndringar och\/eller f\u00f6rb\u00e4ttringar av Din tr\u00e4folka; dela med Dig av Din erfarenhet genom ett bidrag till denna artikelsamling.<\/p>\n<p>Olle Lundgren, redakt\u00f6r<br \/>\nSWE 1054 Cavat<\/p>\n<p>08-754 38 21<br \/>\n0732-533737<br \/>\n<a href=\"mailto:ollelundgren@yahoo.se\">ollelundgren@yahoo.se<\/a><\/p>\n<p>H\u00e4r \u00e4r sj\u00e4lva inneh\u00e5llet:<br \/>\n<a href=\"http:\/\/folkbat.se\/totalparm.pdf\">Classic Folkb\u00e5t &#8211; hela p\u00e4rmen<\/a> (pdf) 71 sidor 4.4 MB<\/p>\n<p>Kapitel:<br \/>\n<a href=\"http:\/\/folkbat.se\/tankarochideer.pdf\">Tankar och id\u00e9er<\/a> (pdf)<br \/>\n<a href=\"http:\/\/folkbat.se\/underhall.pdf\">Underh\u00e5ll<\/a> (pdf)<br \/>\n<a href=\"http:\/\/folkbat.se\/reparationer.pdf\">Reparationer<\/a> (pdf)<br \/>\n<a href=\"http:\/\/folkbat.se\/forbattringar.pdf\">F\u00f6rb\u00e4ttringar<\/a> (pdf)<br \/>\n<a href=\"http:\/\/folkbat.se\/teknik.pdf\">Teknik<\/a> (pdf)<br \/>\n<a href=\"http:\/\/folkbat.se\/kappsegling.pdf\">Kappsegling<\/a> (pdf)<br \/>\n<a href=\"http:\/\/folkbat.se\/klassb.html\">Klassbest\u00e4mmelser &amp; ritningar<\/a><br \/>\n<a href=\"http:\/\/folkbat.se\/uppdatering_nov_2008.pdf\">Till\u00e4gg: Uppdaterad version november 2008<\/a> (pdf)<\/p>\n","protected":false},"excerpt":{"rendered":"<p>H\u00e4r \u00e4r den virtuella versionen av den beramade &#8221;Folkb\u00e5tsp\u00e4rmen&#8221;, den fysiska p\u00e4rmen kan k\u00f6pas genom Olle Lundgren, se nedan. Denna p\u00e4rm \u00e4r t\u00e4nkt att vara en hj\u00e4lp och ett st\u00f6d till alla tr\u00e4folkb\u00e5ts\u00e4gare. Den inneh\u00e5ller en samling artiklar om b\u00e5de&hellip; <a href=\"https:\/\/folkbat.se\/wordpress\/?page_id=133\" class=\"apace-readmore-link\"><span class=\"screen-reader-text\">Classic Folkb\u00e5t \u2013 samlade tips och id\u00e9er<\/span>L\u00e4s mer<\/a><\/p>\n","protected":false},"author":1,"featured_media":0,"parent":138,"menu_order":0,"comment_status":"closed","ping_status":"closed","template":"full-width-page.php","meta":{"jetpack_post_was_ever_published":false,"footnotes":""},"class_list":["post-133","page","type-page","status-publish","hentry"],"jetpack_sharing_enabled":true,"jetpack_shortlink":"https:\/\/wp.me\/P5CsWc-29","jetpack-related-posts":[{"id":138,"url":"https:\/\/folkbat.se\/wordpress\/?page_id=138","url_meta":{"origin":133,"position":0},"title":"B\u00e5tv\u00e5rd","author":"Webbmaster","date":"22 januari 2015","format":false,"excerpt":"Classic Folkb\u00e5t \u2013 samlade tips och id\u00e9er","rel":"","context":"Liknande inl\u00e4gg","block_context":{"text":"Liknande inl\u00e4gg","link":""},"img":{"alt_text":"","src":"","width":0,"height":0},"classes":[]},{"id":2970,"url":"https:\/\/folkbat.se\/wordpress\/?page_id=2970","url_meta":{"origin":133,"position":1},"title":"Search Magazine Classic Challenge 2017","author":"Webbmaster","date":"12 augusti 2022","format":false,"excerpt":"Foto: Alexander Bratt","rel":"","context":"Liknande inl\u00e4gg","block_context":{"text":"Liknande inl\u00e4gg","link":""},"img":{"alt_text":"","src":"https:\/\/i0.wp.com\/folkbat.se\/wordpress\/wp-content\/uploads\/2022\/08\/75jubileum-01.jpg?resize=350%2C200&ssl=1","width":350,"height":200,"srcset":"https:\/\/i0.wp.com\/folkbat.se\/wordpress\/wp-content\/uploads\/2022\/08\/75jubileum-01.jpg?resize=350%2C200&ssl=1 1x, https:\/\/i0.wp.com\/folkbat.se\/wordpress\/wp-content\/uploads\/2022\/08\/75jubileum-01.jpg?resize=525%2C300&ssl=1 1.5x, https:\/\/i0.wp.com\/folkbat.se\/wordpress\/wp-content\/uploads\/2022\/08\/75jubileum-01.jpg?resize=700%2C400&ssl=1 2x"},"classes":[]},{"id":2961,"url":"https:\/\/folkbat.se\/wordpress\/?page_id=2961","url_meta":{"origin":133,"position":2},"title":"Bilder","author":"Webbmaster","date":"12 augusti 2022","format":false,"excerpt":"Svenska m\u00e4sterskapet 2022 i Ystad Search Magazine Classic Challenge 2017 Svenska m\u00e4sterskapet 2016 i Stockholm Guldpokalen 1982 i Simrishamn Finlands Folkb\u00e5tsf\u00f6rbunds bildarkiv: https:\/\/www.folkkari.net\/32425","rel":"","context":"Liknande inl\u00e4gg","block_context":{"text":"Liknande inl\u00e4gg","link":""},"img":{"alt_text":"","src":"https:\/\/i0.wp.com\/folkbat.se\/wordpress\/wp-content\/uploads\/2022\/08\/liten-fil-8111002.jpg?resize=350%2C200","width":350,"height":200,"srcset":"https:\/\/i0.wp.com\/folkbat.se\/wordpress\/wp-content\/uploads\/2022\/08\/liten-fil-8111002.jpg?resize=350%2C200 1x, https:\/\/i0.wp.com\/folkbat.se\/wordpress\/wp-content\/uploads\/2022\/08\/liten-fil-8111002.jpg?resize=525%2C300 1.5x, https:\/\/i0.wp.com\/folkbat.se\/wordpress\/wp-content\/uploads\/2022\/08\/liten-fil-8111002.jpg?resize=700%2C400 2x, https:\/\/i0.wp.com\/folkbat.se\/wordpress\/wp-content\/uploads\/2022\/08\/liten-fil-8111002.jpg?resize=1050%2C600 3x, https:\/\/i0.wp.com\/folkbat.se\/wordpress\/wp-content\/uploads\/2022\/08\/liten-fil-8111002.jpg?resize=1400%2C800 4x"},"classes":[]},{"id":531,"url":"https:\/\/folkbat.se\/wordpress\/?page_id=531","url_meta":{"origin":133,"position":3},"title":"K\u00f6pa folkb\u00e5t","author":"Webbmaster","date":"20 augusti 2015","format":false,"excerpt":"Folkb\u00e5ten \u00e4r en robust konstruktion, och n\u00e5gra direkt svaga punkter finns ej. Ska du k\u00f6pa en Folkb\u00e5t f\u00f6r enbart turseglig \u00e4r det d\u00e4rf\u00f6r inte s\u00e5 mycket att s\u00e4ga om just Folkb\u00e5ten. En grundlig inspektion av hela b\u00e5ten, g\u00e4rna tillsammans med en erfaren kamrat, b\u00f6r sj\u00e4lvklart g\u00f6ras f\u00f6re sj\u00e4lva k\u00f6pet. Dock\u2026","rel":"","context":"Med 1 kommentar","block_context":{"text":"Med 1 kommentar","link":"https:\/\/folkbat.se\/wordpress\/?page_id=531#comments"},"img":{"alt_text":"","src":"","width":0,"height":0},"classes":[]},{"id":146,"url":"https:\/\/folkbat.se\/wordpress\/?page_id=146","url_meta":{"origin":133,"position":4},"title":"Fler nyttiga knep","author":"Webbmaster","date":"22 januari 2015","format":false,"excerpt":"Wetstuffs \"tips och trix\" Jimmys \"Bottenfinish?\" Jimmys \"Preparera botten\" ArvelGentry (aerodynamik) New Theory of Drag and Lift Grisslans tips om linoljning Grisslans materialguide Tr\u00e4b\u00e5tsakuten","rel":"","context":"Liknande inl\u00e4gg","block_context":{"text":"Liknande inl\u00e4gg","link":""},"img":{"alt_text":"","src":"","width":0,"height":0},"classes":[]},{"id":53,"url":"https:\/\/folkbat.se\/wordpress\/?page_id=53","url_meta":{"origin":133,"position":5},"title":"Historia","author":"Webbmaster","date":"12 januari 2015","format":false,"excerpt":"Folkb\u00e5ten har en tradition. Detta \u00e4r en omistlig kvalit\u00e9 som tycks uppskattas mer och mer och som kanske \u00e4r en delf\u00f6rklaring till den goda sammanh\u00e5llning som man finner bland t. ex. Folkb\u00e5tseglare, Sk\u00e4rg\u00e5rdskryssare, Neppare m. fl. Folkb\u00e5ten fyller 2002 60 \u00e5r. H\u00e4r \u00e4r en tillbakablick: Id\u00e9n I slutet av 30-talet\u2026","rel":"","context":"Liknande inl\u00e4gg","block_context":{"text":"Liknande inl\u00e4gg","link":""},"img":{"alt_text":"","src":"","width":0,"height":0},"classes":[]}],"_links":{"self":[{"href":"https:\/\/folkbat.se\/wordpress\/index.php?rest_route=\/wp\/v2\/pages\/133","targetHints":{"allow":["GET"]}}],"collection":[{"href":"https:\/\/folkbat.se\/wordpress\/index.php?rest_route=\/wp\/v2\/pages"}],"about":[{"href":"https:\/\/folkbat.se\/wordpress\/index.php?rest_route=\/wp\/v2\/types\/page"}],"author":[{"embeddable":true,"href":"https:\/\/folkbat.se\/wordpress\/index.php?rest_route=\/wp\/v2\/users\/1"}],"replies":[{"embeddable":true,"href":"https:\/\/folkbat.se\/wordpress\/index.php?rest_route=%2Fwp%2Fv2%2Fcomments&post=133"}],"version-history":[{"count":4,"href":"https:\/\/folkbat.se\/wordpress\/index.php?rest_route=\/wp\/v2\/pages\/133\/revisions"}],"predecessor-version":[{"id":143,"href":"https:\/\/folkbat.se\/wordpress\/index.php?rest_route=\/wp\/v2\/pages\/133\/revisions\/143"}],"up":[{"embeddable":true,"href":"https:\/\/folkbat.se\/wordpress\/index.php?rest_route=\/wp\/v2\/pages\/138"}],"wp:attachment":[{"href":"https:\/\/folkbat.se\/wordpress\/index.php?rest_route=%2Fwp%2Fv2%2Fmedia&parent=133"}],"curies":[{"name":"wp","href":"https:\/\/api.w.org\/{rel}","templated":true}]}}