{"id":138,"date":"2015-01-22T14:56:23","date_gmt":"2015-01-22T13:56:23","guid":{"rendered":"http:\/\/folkbat.se\/wordpress\/?page_id=138"},"modified":"2023-03-15T12:54:46","modified_gmt":"2023-03-15T11:54:46","slug":"batvard-2","status":"publish","type":"page","link":"https:\/\/folkbat.se\/wordpress\/?page_id=138","title":{"rendered":"B\u00e5tv\u00e5rd"},"content":{"rendered":"\n<p><a title=\"Classic Folkb\u00e5t \u2013 samlade tips och id\u00e9er\" href=\"https:\/\/folkbat.se\/wordpress\/?page_id=133\">Classic Folkb\u00e5t \u2013 samlade tips och id\u00e9er<\/a><\/p>\n","protected":false},"excerpt":{"rendered":"<p>Classic Folkb\u00e5t \u2013 samlade tips och id\u00e9er<\/p>\n","protected":false},"author":1,"featured_media":0,"parent":0,"menu_order":5,"comment_status":"closed","ping_status":"closed","template":"","meta":{"jetpack_post_was_ever_published":false,"footnotes":""},"class_list":["post-138","page","type-page","status-publish","hentry"],"jetpack_sharing_enabled":true,"jetpack_shortlink":"https:\/\/wp.me\/P5CsWc-2e","jetpack-related-posts":[{"id":133,"url":"https:\/\/folkbat.se\/wordpress\/?page_id=133","url_meta":{"origin":138,"position":0},"title":"Classic Folkb\u00e5t \u2013 samlade tips och id\u00e9er","author":"Webbmaster","date":"22 januari 2015","format":false,"excerpt":"H\u00e4r \u00e4r den virtuella versionen av den beramade \"Folkb\u00e5tsp\u00e4rmen\", den fysiska p\u00e4rmen kan k\u00f6pas genom Olle Lundgren, se nedan. Denna p\u00e4rm \u00e4r t\u00e4nkt att vara en hj\u00e4lp och ett st\u00f6d till alla tr\u00e4folkb\u00e5ts\u00e4gare. Den inneh\u00e5ller en samling artiklar om b\u00e5de underh\u00e5ll och reparationer p\u00e5 tr\u00e4folkan och dessutom synpunkter och id\u00e9er\u2026","rel":"","context":"Liknande inl\u00e4gg","block_context":{"text":"Liknande inl\u00e4gg","link":""},"img":{"alt_text":"","src":"https:\/\/i0.wp.com\/2.bp.blogspot.com\/_t7rvjHXh2kc\/SWuWIXsPjuI\/AAAAAAAABHw\/aJIzwJMNdwE\/s400\/parmen.jpg?resize=350%2C200","width":350,"height":200},"classes":[]},{"id":146,"url":"https:\/\/folkbat.se\/wordpress\/?page_id=146","url_meta":{"origin":138,"position":1},"title":"Fler nyttiga knep","author":"Webbmaster","date":"22 januari 2015","format":false,"excerpt":"Wetstuffs \"tips och trix\" Jimmys \"Bottenfinish?\" Jimmys \"Preparera botten\" ArvelGentry (aerodynamik) New Theory of Drag and Lift Grisslans tips om linoljning Grisslans materialguide Tr\u00e4b\u00e5tsakuten","rel":"","context":"Liknande inl\u00e4gg","block_context":{"text":"Liknande inl\u00e4gg","link":""},"img":{"alt_text":"","src":"","width":0,"height":0},"classes":[]},{"id":2970,"url":"https:\/\/folkbat.se\/wordpress\/?page_id=2970","url_meta":{"origin":138,"position":2},"title":"Search Magazine Classic Challenge 2017","author":"Webbmaster","date":"12 augusti 2022","format":false,"excerpt":"Foto: Alexander Bratt","rel":"","context":"Liknande inl\u00e4gg","block_context":{"text":"Liknande inl\u00e4gg","link":""},"img":{"alt_text":"","src":"https:\/\/i0.wp.com\/folkbat.se\/wordpress\/wp-content\/uploads\/2022\/08\/75jubileum-01.jpg?resize=350%2C200&ssl=1","width":350,"height":200,"srcset":"https:\/\/i0.wp.com\/folkbat.se\/wordpress\/wp-content\/uploads\/2022\/08\/75jubileum-01.jpg?resize=350%2C200&ssl=1 1x, https:\/\/i0.wp.com\/folkbat.se\/wordpress\/wp-content\/uploads\/2022\/08\/75jubileum-01.jpg?resize=525%2C300&ssl=1 1.5x, https:\/\/i0.wp.com\/folkbat.se\/wordpress\/wp-content\/uploads\/2022\/08\/75jubileum-01.jpg?resize=700%2C400&ssl=1 2x"},"classes":[]},{"id":2961,"url":"https:\/\/folkbat.se\/wordpress\/?page_id=2961","url_meta":{"origin":138,"position":3},"title":"Bilder","author":"Webbmaster","date":"12 augusti 2022","format":false,"excerpt":"Svenska m\u00e4sterskapet 2022 i Ystad Search Magazine Classic Challenge 2017 Svenska m\u00e4sterskapet 2016 i Stockholm Guldpokalen 1982 i Simrishamn Finlands Folkb\u00e5tsf\u00f6rbunds bildarkiv: https:\/\/www.folkkari.net\/32425","rel":"","context":"Liknande inl\u00e4gg","block_context":{"text":"Liknande inl\u00e4gg","link":""},"img":{"alt_text":"","src":"https:\/\/i0.wp.com\/folkbat.se\/wordpress\/wp-content\/uploads\/2022\/08\/liten-fil-8111002.jpg?resize=350%2C200","width":350,"height":200,"srcset":"https:\/\/i0.wp.com\/folkbat.se\/wordpress\/wp-content\/uploads\/2022\/08\/liten-fil-8111002.jpg?resize=350%2C200 1x, https:\/\/i0.wp.com\/folkbat.se\/wordpress\/wp-content\/uploads\/2022\/08\/liten-fil-8111002.jpg?resize=525%2C300 1.5x, https:\/\/i0.wp.com\/folkbat.se\/wordpress\/wp-content\/uploads\/2022\/08\/liten-fil-8111002.jpg?resize=700%2C400 2x, https:\/\/i0.wp.com\/folkbat.se\/wordpress\/wp-content\/uploads\/2022\/08\/liten-fil-8111002.jpg?resize=1050%2C600 3x, https:\/\/i0.wp.com\/folkbat.se\/wordpress\/wp-content\/uploads\/2022\/08\/liten-fil-8111002.jpg?resize=1400%2C800 4x"},"classes":[]},{"id":531,"url":"https:\/\/folkbat.se\/wordpress\/?page_id=531","url_meta":{"origin":138,"position":4},"title":"K\u00f6pa folkb\u00e5t","author":"Webbmaster","date":"20 augusti 2015","format":false,"excerpt":"Folkb\u00e5ten \u00e4r en robust konstruktion, och n\u00e5gra direkt svaga punkter finns ej. Ska du k\u00f6pa en Folkb\u00e5t f\u00f6r enbart turseglig \u00e4r det d\u00e4rf\u00f6r inte s\u00e5 mycket att s\u00e4ga om just Folkb\u00e5ten. En grundlig inspektion av hela b\u00e5ten, g\u00e4rna tillsammans med en erfaren kamrat, b\u00f6r sj\u00e4lvklart g\u00f6ras f\u00f6re sj\u00e4lva k\u00f6pet. Dock\u2026","rel":"","context":"Med 1 kommentar","block_context":{"text":"Med 1 kommentar","link":"https:\/\/folkbat.se\/wordpress\/?page_id=531#comments"},"img":{"alt_text":"","src":"","width":0,"height":0},"classes":[]},{"id":3306,"url":"https:\/\/folkbat.se\/wordpress\/?page_id=3306","url_meta":{"origin":138,"position":5},"title":"Folkb\u00e5tsb\u00f6rsen","author":"Webbmaster","date":"15 mars 2023","format":false,"excerpt":"","rel":"","context":"Liknande inl\u00e4gg","block_context":{"text":"Liknande inl\u00e4gg","link":""},"img":{"alt_text":"","src":"","width":0,"height":0},"classes":[]}],"_links":{"self":[{"href":"https:\/\/folkbat.se\/wordpress\/index.php?rest_route=\/wp\/v2\/pages\/138","targetHints":{"allow":["GET"]}}],"collection":[{"href":"https:\/\/folkbat.se\/wordpress\/index.php?rest_route=\/wp\/v2\/pages"}],"about":[{"href":"https:\/\/folkbat.se\/wordpress\/index.php?rest_route=\/wp\/v2\/types\/page"}],"author":[{"embeddable":true,"href":"https:\/\/folkbat.se\/wordpress\/index.php?rest_route=\/wp\/v2\/users\/1"}],"replies":[{"embeddable":true,"href":"https:\/\/folkbat.se\/wordpress\/index.php?rest_route=%2Fwp%2Fv2%2Fcomments&post=138"}],"version-history":[{"count":5,"href":"https:\/\/folkbat.se\/wordpress\/index.php?rest_route=\/wp\/v2\/pages\/138\/revisions"}],"predecessor-version":[{"id":3300,"href":"https:\/\/folkbat.se\/wordpress\/index.php?rest_route=\/wp\/v2\/pages\/138\/revisions\/3300"}],"wp:attachment":[{"href":"https:\/\/folkbat.se\/wordpress\/index.php?rest_route=%2Fwp%2Fv2%2Fmedia&parent=138"}],"curies":[{"name":"wp","href":"https:\/\/api.w.org\/{rel}","templated":true}]}}