{"id":146,"date":"2015-01-22T15:15:48","date_gmt":"2015-01-22T14:15:48","guid":{"rendered":"http:\/\/folkbat.se\/wordpress\/?page_id=146"},"modified":"2024-03-19T16:29:13","modified_gmt":"2024-03-19T15:29:13","slug":"fler-nyttiga-knep","status":"publish","type":"page","link":"https:\/\/folkbat.se\/wordpress\/?page_id=146","title":{"rendered":"Fler nyttiga knep"},"content":{"rendered":"\n<p><a href=\"http:\/\/folkbat.blogspot.com\/search\/label\/tips%20och%20trix\">Wetstuffs &#8221;tips och trix&#8221;<\/a><\/p>\n\n\n\n<p><a href=\"http:\/\/samst.se\/?p=43\">Jimmys &#8221;Bottenfinish?&#8221;<\/a><\/p>\n\n\n\n<p><a href=\"http:\/\/samst.se\/?p=91\">Jimmys &#8221;Preparera botten&#8221;<\/a><\/p>\n\n\n\n<p><a href=\"http:\/\/www.arvelgentry.com\/\">ArvelGentry (aerodynamik)<\/a><\/p>\n\n\n\n<p><a href=\"http:\/\/knol.google.com\/k\/claes-johnson\/new-theory-of-drag-and-lift\/\">New Theory of Drag and Lift<\/a><\/p>\n\n\n\n<p><a href=\"http:\/\/grisslan.blogspot.com\/2008\/09\/impregnering-med-linolja.html\">Grisslans tips om linoljning<\/a><\/p>\n\n\n\n<p><a href=\"http:\/\/grisslan.blogspot.com\/2008\/06\/liten-materialguide.html\">Grisslans materialguide<\/a><\/p>\n\n\n\n<p><a href=\"http:\/\/www.trabatsakuten.nu\/\">Tr\u00e4b\u00e5tsakuten<\/a><\/p>\n","protected":false},"excerpt":{"rendered":"<p>Wetstuffs &#8221;tips och trix&#8221; Jimmys &#8221;Bottenfinish?&#8221; Jimmys &#8221;Preparera botten&#8221; ArvelGentry (aerodynamik) New Theory of Drag and Lift Grisslans tips om linoljning Grisslans materialguide Tr\u00e4b\u00e5tsakuten<\/p>\n","protected":false},"author":1,"featured_media":0,"parent":138,"menu_order":0,"comment_status":"closed","ping_status":"closed","template":"","meta":{"jetpack_post_was_ever_published":false,"footnotes":""},"class_list":["post-146","page","type-page","status-publish","hentry"],"jetpack_sharing_enabled":true,"jetpack_shortlink":"https:\/\/wp.me\/P5CsWc-2m","jetpack-related-posts":[{"id":138,"url":"https:\/\/folkbat.se\/wordpress\/?page_id=138","url_meta":{"origin":146,"position":0},"title":"B\u00e5tv\u00e5rd","author":"Webbmaster","date":"22 januari 2015","format":false,"excerpt":"Classic Folkb\u00e5t \u2013 samlade tips och id\u00e9er","rel":"","context":"Liknande inl\u00e4gg","block_context":{"text":"Liknande inl\u00e4gg","link":""},"img":{"alt_text":"","src":"","width":0,"height":0},"classes":[]},{"id":133,"url":"https:\/\/folkbat.se\/wordpress\/?page_id=133","url_meta":{"origin":146,"position":1},"title":"Classic Folkb\u00e5t \u2013 samlade tips och id\u00e9er","author":"Webbmaster","date":"22 januari 2015","format":false,"excerpt":"H\u00e4r \u00e4r den virtuella versionen av den beramade \"Folkb\u00e5tsp\u00e4rmen\", den fysiska p\u00e4rmen kan k\u00f6pas genom Olle Lundgren, se nedan. Denna p\u00e4rm \u00e4r t\u00e4nkt att vara en hj\u00e4lp och ett st\u00f6d till alla tr\u00e4folkb\u00e5ts\u00e4gare. Den inneh\u00e5ller en samling artiklar om b\u00e5de underh\u00e5ll och reparationer p\u00e5 tr\u00e4folkan och dessutom synpunkter och id\u00e9er\u2026","rel":"","context":"Liknande inl\u00e4gg","block_context":{"text":"Liknande inl\u00e4gg","link":""},"img":{"alt_text":"","src":"https:\/\/i0.wp.com\/2.bp.blogspot.com\/_t7rvjHXh2kc\/SWuWIXsPjuI\/AAAAAAAABHw\/aJIzwJMNdwE\/s400\/parmen.jpg?resize=350%2C200","width":350,"height":200},"classes":[]},{"id":531,"url":"https:\/\/folkbat.se\/wordpress\/?page_id=531","url_meta":{"origin":146,"position":2},"title":"K\u00f6pa folkb\u00e5t","author":"Webbmaster","date":"20 augusti 2015","format":false,"excerpt":"Folkb\u00e5ten \u00e4r en robust konstruktion, och n\u00e5gra direkt svaga punkter finns ej. Ska du k\u00f6pa en Folkb\u00e5t f\u00f6r enbart turseglig \u00e4r det d\u00e4rf\u00f6r inte s\u00e5 mycket att s\u00e4ga om just Folkb\u00e5ten. En grundlig inspektion av hela b\u00e5ten, g\u00e4rna tillsammans med en erfaren kamrat, b\u00f6r sj\u00e4lvklart g\u00f6ras f\u00f6re sj\u00e4lva k\u00f6pet. Dock\u2026","rel":"","context":"Med 1 kommentar","block_context":{"text":"Med 1 kommentar","link":"https:\/\/folkbat.se\/wordpress\/?page_id=531#comments"},"img":{"alt_text":"","src":"","width":0,"height":0},"classes":[]}],"_links":{"self":[{"href":"https:\/\/folkbat.se\/wordpress\/index.php?rest_route=\/wp\/v2\/pages\/146","targetHints":{"allow":["GET"]}}],"collection":[{"href":"https:\/\/folkbat.se\/wordpress\/index.php?rest_route=\/wp\/v2\/pages"}],"about":[{"href":"https:\/\/folkbat.se\/wordpress\/index.php?rest_route=\/wp\/v2\/types\/page"}],"author":[{"embeddable":true,"href":"https:\/\/folkbat.se\/wordpress\/index.php?rest_route=\/wp\/v2\/users\/1"}],"replies":[{"embeddable":true,"href":"https:\/\/folkbat.se\/wordpress\/index.php?rest_route=%2Fwp%2Fv2%2Fcomments&post=146"}],"version-history":[{"count":6,"href":"https:\/\/folkbat.se\/wordpress\/index.php?rest_route=\/wp\/v2\/pages\/146\/revisions"}],"predecessor-version":[{"id":3631,"href":"https:\/\/folkbat.se\/wordpress\/index.php?rest_route=\/wp\/v2\/pages\/146\/revisions\/3631"}],"up":[{"embeddable":true,"href":"https:\/\/folkbat.se\/wordpress\/index.php?rest_route=\/wp\/v2\/pages\/138"}],"wp:attachment":[{"href":"https:\/\/folkbat.se\/wordpress\/index.php?rest_route=%2Fwp%2Fv2%2Fmedia&parent=146"}],"curies":[{"name":"wp","href":"https:\/\/api.w.org\/{rel}","templated":true}]}}