{"id":21,"date":"2015-01-12T11:13:00","date_gmt":"2015-01-12T10:13:00","guid":{"rendered":"http:\/\/folkbat.se\/wordpress\/?page_id=21"},"modified":"2026-03-28T17:48:53","modified_gmt":"2026-03-28T16:48:53","slug":"forbundet","status":"publish","type":"page","link":"https:\/\/folkbat.se\/wordpress\/?page_id=21","title":{"rendered":"F\u00f6rbundet"},"content":{"rendered":"\n<p>Plusgiro 437 58 45-7<\/p>\n","protected":false},"excerpt":{"rendered":"<p>Plusgiro 437 58 45-7<\/p>\n","protected":false},"author":1,"featured_media":0,"parent":0,"menu_order":2,"comment_status":"closed","ping_status":"closed","template":"","meta":{"jetpack_post_was_ever_published":false,"footnotes":""},"class_list":["post-21","page","type-page","status-publish","hentry"],"jetpack_sharing_enabled":true,"jetpack_shortlink":"https:\/\/wp.me\/P5CsWc-l","jetpack-related-posts":[{"id":2246,"url":"https:\/\/folkbat.se\/wordpress\/?page_id=2246","url_meta":{"origin":21,"position":0},"title":"F\u00f6rbundsfunktion\u00e4rer","author":"Webbmaster","date":"2 november 2020","format":false,"excerpt":"Kontaktuppgifter till styrelsen KontaktpersonerHalmstad: Lars\u00a0Evaldsson, 070-814 55 78, lars.evalds\u00adson@telia.comKarlsborg: Karl-Johan\u00a0Erics\u00adson, 070-248 25 20, karl-johan.ericsson@ahlstrom.comMalm\u00f6: Anders\u00a0Carlzon, 040-15 45 19, anderscarlzon@icloud.comStockholm: Hob\u00adbe\u00a0W\u00e4rneg\u00e5rd, 073-598 99 13, hobrik@hobrik.seYstad: Pehr\u00a0Ola\u00a0Pehrs\u00adson, pehr.ola.pehrs\u00adson@telia.com Redakt\u00f6rer f\u00f6r Folkb\u00e5tsnyttPer H\u00f6rberg (per.hrberg@samutveckling.se)G\u00f6ran SvenssonAlexander Bratt Webbredakt\u00f6rAlexander Bratt (webb@folkbat.se) F\u00f6rbundsm\u00e4tpersonerPer Lindell (G\u00f6teborg; per.h.lindell@gmail.com)Pehr Ola Persson (Ystad; pehr.ola.pehrsson@telia.com)Johan Tuvstedt (T\u00e4by; johan@tuvstedt.se)","rel":"","context":"Liknande inl\u00e4gg","block_context":{"text":"Liknande inl\u00e4gg","link":""},"img":{"alt_text":"","src":"","width":0,"height":0},"classes":[]},{"id":2422,"url":"https:\/\/folkbat.se\/wordpress\/?page_id=2422","url_meta":{"origin":21,"position":1},"title":"Folkb\u00e5tsregistret","author":"Webbmaster","date":"19 april 2021","format":false,"excerpt":"Register \u00f6ver svenska folkb\u00e5tar som pdf-fil","rel":"","context":"Liknande inl\u00e4gg","block_context":{"text":"Liknande inl\u00e4gg","link":""},"img":{"alt_text":"","src":"","width":0,"height":0},"classes":[]},{"id":12,"url":"https:\/\/folkbat.se\/wordpress\/?page_id=12","url_meta":{"origin":21,"position":2},"title":"Styrelse","author":"Webbmaster","date":"12 januari 2015","format":false,"excerpt":"Kontaktuppgifter till \u00f6vriga f\u00f6rbundsfunktion\u00e4rer Ordf\u00f6randeP\u00e4r JohansonNorrstigen 24181 31 Liding\u00f6073-042 15 15\u202cjohanson.par@gmail.com Vice ordf\u00f6randeAlexander Brattascbratt@gmail.com Kass\u00f6r och medlemsregisterElisabet Rosenqvist073-029 85 55elisabetrosenqvist@hotmail.com SekreterareLars WramnerEklandagatan 1412 55 G\u00f6teborg076-002 19 89larswramner@gmail.com M\u00e4tchefGunnar BontheliusPilgatan 24, lgh 1201112 23 Stockholm070-812 96 66gunnarb52@outlook.com T\u00e4vlingsansvarigHans Torl\u00e9nSj\u00f6kvarnsbacken 12131 71 Nacka070-517 09 49hans@torlen.se MedieansvarigKarl-Johan EricssonIndustrigatan 2546 71 M\u00f6lltorp070-248 25 20karl-johan.ericsson@aspapulp.com","rel":"","context":"Liknande inl\u00e4gg","block_context":{"text":"Liknande inl\u00e4gg","link":""},"img":{"alt_text":"","src":"","width":0,"height":0},"classes":[]},{"id":50,"url":"https:\/\/folkbat.se\/wordpress\/?page_id=50","url_meta":{"origin":21,"position":3},"title":"L\u00e4nkar","author":"Webbmaster","date":"12 januari 2015","format":false,"excerpt":"F\u00f6rbund Svenska Seglarf\u00f6rbundetNordic Folkboat International AssociationDansk Folkeb\u00e5dsklubEesti Folkbootide Flotill (Estland)Finlands Folkb\u00e5tsf\u00f6rbundNederlandse Folkboot Club (Nederl\u00e4nderna)Asociaci\u00f3n Nordic Folkboat Espa\u00f1a (Spanien)UK Folkboat AssociationDeutsche Folkeboot VereinigungFolkeboot Magyarorsz\u00e1gon (Ungern)SF Bay Folkboat Association B\u00e5tbyggare och tillbeh\u00f6r Nya och begagnade b\u00e5tar och tillbeh\u00f6r, se Kom ig\u00e5ng och segla! Mats b\u00e5tbyggeri \u2013\u00a0master och bommar i tr\u00e4.Annell b\u00e5tbyggeri \u2013\u2026","rel":"","context":"Liknande inl\u00e4gg","block_context":{"text":"Liknande inl\u00e4gg","link":""},"img":{"alt_text":"","src":"","width":0,"height":0},"classes":[]},{"id":3263,"url":"https:\/\/folkbat.se\/wordpress\/?page_id=3263","url_meta":{"origin":21,"position":4},"title":"OFK \u2013 Ostkustens Folkb\u00e5tsklubb","author":"ostkustensfk","date":"10 mars 2023","format":false,"excerpt":"Ostkustens Folkb\u00e5tsklubb \u00e4r den st\u00f6rsta flottiljen i f\u00f6rbundet med ~140 medlemmar.Flottiljen str\u00e4cker sig fr\u00e5n Kalmar i s\u00f6der till Haparanda i norr. De flesta medlemmarna finns i Stockholmstrakten, d\u00e4r de aktiva kappseglarna i huvudsak parkerar sina b\u00e5tar hos Vikingarnas Segels\u00e4llskap vid Stora Hundudden i Stockholm. Stockholmsserien 2026 I Stockholmsserien 2026 r\u00e4knar\u2026","rel":"","context":"Liknande inl\u00e4gg","block_context":{"text":"Liknande inl\u00e4gg","link":""},"img":{"alt_text":"","src":"","width":0,"height":0},"classes":[]},{"id":53,"url":"https:\/\/folkbat.se\/wordpress\/?page_id=53","url_meta":{"origin":21,"position":5},"title":"Historia","author":"Webbmaster","date":"12 januari 2015","format":false,"excerpt":"Folkb\u00e5ten har en tradition. Detta \u00e4r en omistlig kvalit\u00e9 som tycks uppskattas mer och mer och som kanske \u00e4r en delf\u00f6rklaring till den goda sammanh\u00e5llning som man finner bland t. ex. Folkb\u00e5tseglare, Sk\u00e4rg\u00e5rdskryssare, Neppare m. fl. Folkb\u00e5ten fyller 2002 60 \u00e5r. H\u00e4r \u00e4r en tillbakablick: Id\u00e9n I slutet av 30-talet\u2026","rel":"","context":"Liknande inl\u00e4gg","block_context":{"text":"Liknande inl\u00e4gg","link":""},"img":{"alt_text":"","src":"","width":0,"height":0},"classes":[]}],"_links":{"self":[{"href":"https:\/\/folkbat.se\/wordpress\/index.php?rest_route=\/wp\/v2\/pages\/21","targetHints":{"allow":["GET"]}}],"collection":[{"href":"https:\/\/folkbat.se\/wordpress\/index.php?rest_route=\/wp\/v2\/pages"}],"about":[{"href":"https:\/\/folkbat.se\/wordpress\/index.php?rest_route=\/wp\/v2\/types\/page"}],"author":[{"embeddable":true,"href":"https:\/\/folkbat.se\/wordpress\/index.php?rest_route=\/wp\/v2\/users\/1"}],"replies":[{"embeddable":true,"href":"https:\/\/folkbat.se\/wordpress\/index.php?rest_route=%2Fwp%2Fv2%2Fcomments&post=21"}],"version-history":[{"count":4,"href":"https:\/\/folkbat.se\/wordpress\/index.php?rest_route=\/wp\/v2\/pages\/21\/revisions"}],"predecessor-version":[{"id":4447,"href":"https:\/\/folkbat.se\/wordpress\/index.php?rest_route=\/wp\/v2\/pages\/21\/revisions\/4447"}],"wp:attachment":[{"href":"https:\/\/folkbat.se\/wordpress\/index.php?rest_route=%2Fwp%2Fv2%2Fmedia&parent=21"}],"curies":[{"name":"wp","href":"https:\/\/api.w.org\/{rel}","templated":true}]}}