{"id":2246,"date":"2020-11-02T18:41:02","date_gmt":"2020-11-02T17:41:02","guid":{"rendered":"http:\/\/folkbat.se\/wordpress\/?page_id=2246"},"modified":"2026-03-05T02:54:44","modified_gmt":"2026-03-05T01:54:44","slug":"forbundsfunktionarer","status":"publish","type":"page","link":"https:\/\/folkbat.se\/wordpress\/?page_id=2246","title":{"rendered":"F\u00f6rbundsfunktion\u00e4rer"},"content":{"rendered":"\n<p>Kontaktuppgifter till <a href=\"https:\/\/folkbat.se\/wordpress\/?page_id=12\">styrelsen<\/a><\/p>\n\n\n\n<p><strong>Kontaktpersoner<\/strong><br>Halmstad: Lars\u00a0Evaldsson, 070-814 55 78, <a href=\"http:\/\/lars.evalds\u00adson@telia.com\" data-type=\"link\" data-id=\"lars.evalds\u00adson@telia.com\">lars.evalds\u00adson@telia.com<\/a><br>Karlsborg: Karl-Johan\u00a0Erics\u00adson, 070-248 25 20, <a href=\"mailto:karl-johan.ericsson@ahlstrom.com\">karl-johan.ericsson@ahlstrom.com<\/a><br>Malm\u00f6: Anders\u00a0Carlzon, 040-15 45 19, <a href=\"mailto:anderscarlzon@icloud.com\">anderscarlzon@icloud.com<\/a><br>Stockholm: Hob\u00adbe\u00a0W\u00e4rneg\u00e5rd, 073-598 99 13, <a href=\"mailto:hobrik@hobrik.se\">hobrik@hobrik.se<\/a><br>Ystad: Pehr\u00a0Ola\u00a0Pehrs\u00adson, <a href=\"http:\/\/pehr.ola.pehrs\u00adson@telia.com\" data-type=\"link\" data-id=\"pehr.ola.pehrs\u00adson@telia.com\">pehr.ola.pehrs\u00adson@telia.com<\/a><\/p>\n\n\n\n<p><strong>Redakt\u00f6rer f\u00f6r Folkb\u00e5tsnytt<\/strong><br>Per H\u00f6rberg (<a title=\"per.hrberg@samutveckling.se\" href=\"mailto:per.hrberg@samutveckling.se\">per.hrberg@samutveckling.se<\/a>)<br>G\u00f6ran Svensson<br>Alexander Bratt<\/p>\n\n\n\n<p><strong>Webbredakt\u00f6r<\/strong><br>Alexander Bratt (<a title=\"webb@folkbat.se\" href=\"mailto:webb@folkbat.se\">webb@folkbat.se<\/a>)<\/p>\n\n\n\n<p><strong>F\u00f6rbundsm\u00e4tpersoner<\/strong><br>Per Lindell (G\u00f6teborg; <a href=\"mailto:per.h.lindell@gmail.com\">per.h.lindell@gmail.com<\/a>)<br>Pehr Ola Persson (Ystad; <a title=\"pehr.ola.pehrsson@telia.com\" href=\"mailto:pehr.ola.pehrsson@telia.com\">pehr.ola.pehrsson@telia.com<\/a>)<br>Johan Tuvstedt (T\u00e4by; <a href=\"mailto:johan@tuvstedt.se\">johan@tuvstedt.se<\/a>)<\/p>\n","protected":false},"excerpt":{"rendered":"<p>Kontaktuppgifter till styrelsen KontaktpersonerHalmstad: Lars\u00a0Evaldsson, 070-814 55 78, lars.evalds\u00adson@telia.comKarlsborg: Karl-Johan\u00a0Erics\u00adson, 070-248 25 20, karl-johan.ericsson@ahlstrom.comMalm\u00f6: Anders\u00a0Carlzon, 040-15 45 19, anderscarlzon@icloud.comStockholm: Hob\u00adbe\u00a0W\u00e4rneg\u00e5rd, 073-598 99 13, hobrik@hobrik.seYstad: Pehr\u00a0Ola\u00a0Pehrs\u00adson, pehr.ola.pehrs\u00adson@telia.com Redakt\u00f6rer f\u00f6r Folkb\u00e5tsnyttPer H\u00f6rberg (per.hrberg@samutveckling.se)G\u00f6ran SvenssonAlexander Bratt Webbredakt\u00f6rAlexander Bratt (webb@folkbat.se) F\u00f6rbundsm\u00e4tpersonerPer Lindell (G\u00f6teborg; per.h.lindell@gmail.com)Pehr&hellip; <a href=\"https:\/\/folkbat.se\/wordpress\/?page_id=2246\" class=\"apace-readmore-link\"><span class=\"screen-reader-text\">F\u00f6rbundsfunktion\u00e4rer<\/span>L\u00e4s mer<\/a><\/p>\n","protected":false},"author":1,"featured_media":0,"parent":21,"menu_order":0,"comment_status":"closed","ping_status":"closed","template":"","meta":{"jetpack_post_was_ever_published":false,"footnotes":""},"class_list":["post-2246","page","type-page","status-publish","hentry"],"jetpack_sharing_enabled":true,"jetpack_shortlink":"https:\/\/wp.me\/P5CsWc-Ae","jetpack-related-posts":[{"id":12,"url":"https:\/\/folkbat.se\/wordpress\/?page_id=12","url_meta":{"origin":2246,"position":0},"title":"Styrelse","author":"Webbmaster","date":"12 januari 2015","format":false,"excerpt":"Kontaktuppgifter till \u00f6vriga f\u00f6rbundsfunktion\u00e4rer Ordf\u00f6randeP\u00e4r JohansonNorrstigen 24181 31 Liding\u00f6073-042 15 15\u202cjohanson.par@gmail.com Vice ordf\u00f6randeAlexander Brattascbratt@gmail.com Kass\u00f6r och medlemsregisterElisabet Rosenqvist073-029 85 55elisabetrosenqvist@hotmail.com SekreterareLars WramnerEklandagatan 1412 55 G\u00f6teborg076-002 19 89larswramner@gmail.com M\u00e4tchefGunnar BontheliusPilgatan 24, lgh 1201112 23 Stockholm070-812 96 66gunnarb52@outlook.com T\u00e4vlingsansvarigHans Torl\u00e9nSj\u00f6kvarnsbacken 12131 71 Nacka070-517 09 49hans@torlen.se MedieansvarigKarl-Johan EricssonIndustrigatan 2546 71 M\u00f6lltorp070-248 25 20karl-johan.ericsson@aspapulp.com","rel":"","context":"Liknande inl\u00e4gg","block_context":{"text":"Liknande inl\u00e4gg","link":""},"img":{"alt_text":"","src":"","width":0,"height":0},"classes":[]},{"id":3628,"url":"https:\/\/folkbat.se\/wordpress\/?page_id=3628","url_meta":{"origin":2246,"position":1},"title":"Plastb\u00e5tar","author":"Webbmaster","date":"19 mars 2024","format":false,"excerpt":"1: Byte av k\u00f6lbultar (Karl-Johan Ericsson, upplagd 2021) 2: Dags att renovera plastfolkan? (Anders Olsen, upplagd 2024) 3: K\u00f6lbultar plan B \u2013 eller plan A? (Anders Olsen, upplagd 2024) 4: Tv\u00e5 s\u00e4tt att t\u00e4ta r\u00f6stj\u00e4rnen (Anders Olsen, upplagd 2024) 5: Byta r\u00f6stj\u00e4rn, men inte i on\u00f6dan (Anders Olsen, upplagd 2025)","rel":"","context":"Liknande inl\u00e4gg","block_context":{"text":"Liknande inl\u00e4gg","link":""},"img":{"alt_text":"","src":"","width":0,"height":0},"classes":[]}],"_links":{"self":[{"href":"https:\/\/folkbat.se\/wordpress\/index.php?rest_route=\/wp\/v2\/pages\/2246","targetHints":{"allow":["GET"]}}],"collection":[{"href":"https:\/\/folkbat.se\/wordpress\/index.php?rest_route=\/wp\/v2\/pages"}],"about":[{"href":"https:\/\/folkbat.se\/wordpress\/index.php?rest_route=\/wp\/v2\/types\/page"}],"author":[{"embeddable":true,"href":"https:\/\/folkbat.se\/wordpress\/index.php?rest_route=\/wp\/v2\/users\/1"}],"replies":[{"embeddable":true,"href":"https:\/\/folkbat.se\/wordpress\/index.php?rest_route=%2Fwp%2Fv2%2Fcomments&post=2246"}],"version-history":[{"count":8,"href":"https:\/\/folkbat.se\/wordpress\/index.php?rest_route=\/wp\/v2\/pages\/2246\/revisions"}],"predecessor-version":[{"id":4395,"href":"https:\/\/folkbat.se\/wordpress\/index.php?rest_route=\/wp\/v2\/pages\/2246\/revisions\/4395"}],"up":[{"embeddable":true,"href":"https:\/\/folkbat.se\/wordpress\/index.php?rest_route=\/wp\/v2\/pages\/21"}],"wp:attachment":[{"href":"https:\/\/folkbat.se\/wordpress\/index.php?rest_route=%2Fwp%2Fv2%2Fmedia&parent=2246"}],"curies":[{"name":"wp","href":"https:\/\/api.w.org\/{rel}","templated":true}]}}