{"id":285,"date":"2015-07-07T12:59:09","date_gmt":"2015-07-07T10:59:09","guid":{"rendered":"http:\/\/folkbat.se\/wordpress\/?page_id=285"},"modified":"2024-06-22T18:58:44","modified_gmt":"2024-06-22T16:58:44","slug":"resultat","status":"publish","type":"page","link":"https:\/\/folkbat.se\/wordpress\/?page_id=285","title":{"rendered":"Resultat"},"content":{"rendered":"\n<p>Sammanst\u00e4llningar<br><a href=\"http:\/\/folkbat.se\/pdf\/sm.pdf\">Svenska m\u00e4sterskapet<\/a><br><a href=\"http:\/\/folkbat.se\/pdf\/gp.pdf\">Guldpokalen<\/a><br><a href=\"http:\/\/folkbat.se\/pdf\/sp.pdf\">Sessanpokalen<\/a><br><a href=\"http:\/\/folkbat.se\/pdf\/sfir.pdf\">San Francisco International Regatta<\/a><\/p>\n\n\n\n<p><\/p>\n\n\n\n<p>2023<br><a href=\"https:\/\/www.manage2sail.com\/en-US\/event\/6f8ccb33-89ac-4447-a51d-0e2f0439974a#!\/results?classId=f2975af9-8a42-46d3-9cfc-844d565fcb2a\">Guldpokalen i Tallinn<\/a><br><a href=\"https:\/\/folkbat.se\/wordpress\/wp-content\/uploads\/2023\/12\/Resultat_SM_2023.pdf\">SM i V\u00e4stervik<\/a><\/p>\n\n\n\n<p>2022<br><a href=\"https:\/\/www.sailarena.com\/contentassets\/d619123e0b8f4e6195c72ebee009d870\/final-results-for-ystad-jubilee-regatta-2022-at-2022-swe-ch-nordic-folkboat-20222.pdf\">SM i Ystad<\/a><br><a href=\"https:\/\/manage2sail.com\/sv-SE\/event\/79d70a1a-132f-42f9-a4d5-66c6e2167037#!\/results?classId=45092c29-965f-41d0-90d9-7290680d5a82\">Finska kortbanem\u00e4sterskapet i N\u00e5dendal<\/a><\/p>\n\n\n\n<p>2021<br><a href=\"https:\/\/folkbat.se\/wordpress\/wp-content\/uploads\/2021\/11\/sm-nordisk-folkbat-2021-at-stenungsunds-segelsallskap-2021-final.pdf\">SM i Stenungsund 13\u201315 augusti 2021<\/a><br><a href=\"https:\/\/manage2sail.com\/sv-SE\/event\/a071f5cb-c3aa-47e9-ba1b-72d08ab15e7a#!\/results?classId=c2cc8700-0d73-467d-b98d-52ac30a0fcb7\">Finska kortbanem\u00e4sterskapet i N\u00e5dendal<\/a><\/p>\n\n\n\n<p>2019<br><a href=\"https:\/\/folkbat.se\/wordpress\/wp-content\/uploads\/2021\/06\/SM-2019-Resultat.pdf\">SM p\u00e5 Rastaholm<\/a><\/p>\n\n\n\n<p>2018<br><a href=\"https:\/\/folkbat.se\/wordpress\/wp-content\/uploads\/2021\/06\/Results-Swe-Ch-Nordic-Folkboat-2018.pdf\">SM i Simrishamn<\/a><br><a href=\"https:\/\/folkbat.se\/wordpress\/wp-content\/uploads\/2021\/06\/Results-Nordic-Folkboat-Gold-Cup-2018.pdf\">Guldpokalen i Simrishamn<\/a><\/p>\n\n\n\n<p>2016<br><a href=\"https:\/\/vss.nu\/wp\/wp-content\/uploads\/2016\/07\/Resultat-SM-F_2016.pdf\">SM i Stockholm 17\u201319 juli 2016<\/a><br><a href=\"https:\/\/folkbat.se\/wordpress\/wp-content\/uploads\/2023\/12\/folkboat-gold-cup-final-results-provisional.pdf\">Guldpokalen i Helsingfors<\/a><\/p>\n\n\n\n<p>2015<br><a href=\"http:\/\/ljss.se\/folkbatssm2015\/wp-content\/uploads\/2015\/01\/ResultatFolkb\u00e5tSM-2015.pdf\">SM i Ljungskile 2\u20134 juli<\/a><\/p>\n\n\n\n<p>2013<br><a href=\"https:\/\/folkbat.se\/wordpress\/wp-content\/uploads\/2024\/06\/resultat_gp13.pdf\">Guldpokalen i Niendorf 29 juli \u2013 3 augusti<\/a><\/p>\n\n\n\n<p>2012<br><a href=\"http:\/\/folkbat.se\/gp2012res.html\">Guldpokalen p\u00e5 Sandhamn<\/a><\/p>\n\n\n\n<p>2011<br><a href=\"http:\/\/folkbat.se\/arkivet\/2011-06-26_Folkeboot_Wettfahrt_10.pdf\">Kieler Woche<\/a><br><a href=\"http:\/\/folkbat.se\/arkivet\/goldcup2011result.html\">Guldpokalen i Travem\u00fcnde 25\u201329 juli<\/a><\/p>\n\n\n\n<p>2010<br><a href=\"http:\/\/folkbat.se\/arkivet\/sm2010.html\">SM i Sandhamn<\/a><br><a href=\"http:\/\/folkbat.se\/arkivet\/gp2010.html\">Guldpokalen i Sk\u00e6lsk\u00f8r<\/a><\/p>\n\n\n\n<p>2008<br><a href=\"http:\/\/folkbat.se\/arkivet\/guldpokalen2008.pdf\">Guldpokalen i Flensburg 14\u201319 juli<\/a><\/p>\n\n\n\n<p>2005<br><a href=\"http:\/\/folkbat.se\/arkivet\/jubReg05ResultatFolkbat.pdf\">SM i Sandhamn<\/a><br><a href=\"http:\/\/folkbat.se\/arkivet\/guldpokalen2005\/20050810result.htm\">Guldpokalen i Malm\u00f6 10\u201313 augusti<\/a><\/p>\n\n\n\n<p>2004<br><a href=\"http:\/\/folkbat.se\/arkivet\/sm2004\/sm-04.htm\">SM i Vadstena 2\u20134 juli<\/a><\/p>\n\n\n\n<p>2003<br><a href=\"http:\/\/folkbat.se\/arkivet\/sm2003.html\">SM i Lomma 23\u201327 juli<\/a><br><a href=\"http:\/\/folkbat.se\/arkivet\/gp2003.html\">Guldpokalen i Aabenraa 12\u201316 augusti<\/a><\/p>\n\n\n\n<p>2001<br><a href=\"http:\/\/folkbat.se\/arkivet\/sm2001\/sm-01.htm\">SM i Stockholm<\/a><\/p>\n\n\n\n<p>2000<br><a href=\"http:\/\/folkbat.se\/arkivet\/sm2000\/sm-00.htm\">SM i Vadstena<\/a><\/p>\n\n\n\n<p>1999<br><a href=\"http:\/\/folkbat.se\/arkivet\/sm1999\/sm.html\">SM i Stockholm 1\u20133 juli<\/a><\/p>\n\n\n\n<p>1998<br><a href=\"http:\/\/folkbat.se\/arkivet\/lagsm.html\">Lag-SM i Stockholm 21\u201323 maj<\/a><br><a href=\"http:\/\/folkbat.se\/arkivet\/sm.html\">SM i Karlshamn 27 juni \u2013 1 juli<\/a><\/p>\n\n\n\n<p>1978<br><a href=\"http:\/\/folkbat.se\/arkivet\/sm1978.html\">SM i Lomma 18\u201320 juli<\/a><\/p>\n","protected":false},"excerpt":{"rendered":"<p>Sammanst\u00e4llningarSvenska m\u00e4sterskapetGuldpokalenSessanpokalenSan Francisco International Regatta 2023Guldpokalen i TallinnSM i V\u00e4stervik 2022SM i YstadFinska kortbanem\u00e4sterskapet i N\u00e5dendal 2021SM i Stenungsund 13\u201315 augusti 2021Finska kortbanem\u00e4sterskapet i N\u00e5dendal 2019SM p\u00e5 Rastaholm 2018SM i SimrishamnGuldpokalen i Simrishamn 2016SM i Stockholm 17\u201319 juli 2016Guldpokalen i&hellip; <a href=\"https:\/\/folkbat.se\/wordpress\/?page_id=285\" class=\"apace-readmore-link\"><span class=\"screen-reader-text\">Resultat<\/span>L\u00e4s mer<\/a><\/p>\n","protected":false},"author":1,"featured_media":0,"parent":56,"menu_order":0,"comment_status":"open","ping_status":"closed","template":"","meta":{"jetpack_post_was_ever_published":false,"footnotes":""},"class_list":["post-285","page","type-page","status-publish","hentry"],"jetpack_sharing_enabled":true,"jetpack_shortlink":"https:\/\/wp.me\/P5CsWc-4B","jetpack-related-posts":[],"_links":{"self":[{"href":"https:\/\/folkbat.se\/wordpress\/index.php?rest_route=\/wp\/v2\/pages\/285","targetHints":{"allow":["GET"]}}],"collection":[{"href":"https:\/\/folkbat.se\/wordpress\/index.php?rest_route=\/wp\/v2\/pages"}],"about":[{"href":"https:\/\/folkbat.se\/wordpress\/index.php?rest_route=\/wp\/v2\/types\/page"}],"author":[{"embeddable":true,"href":"https:\/\/folkbat.se\/wordpress\/index.php?rest_route=\/wp\/v2\/users\/1"}],"replies":[{"embeddable":true,"href":"https:\/\/folkbat.se\/wordpress\/index.php?rest_route=%2Fwp%2Fv2%2Fcomments&post=285"}],"version-history":[{"count":13,"href":"https:\/\/folkbat.se\/wordpress\/index.php?rest_route=\/wp\/v2\/pages\/285\/revisions"}],"predecessor-version":[{"id":3692,"href":"https:\/\/folkbat.se\/wordpress\/index.php?rest_route=\/wp\/v2\/pages\/285\/revisions\/3692"}],"up":[{"embeddable":true,"href":"https:\/\/folkbat.se\/wordpress\/index.php?rest_route=\/wp\/v2\/pages\/56"}],"wp:attachment":[{"href":"https:\/\/folkbat.se\/wordpress\/index.php?rest_route=%2Fwp%2Fv2%2Fmedia&parent=285"}],"curies":[{"name":"wp","href":"https:\/\/api.w.org\/{rel}","templated":true}]}}