{"id":2961,"date":"2022-08-12T17:00:10","date_gmt":"2022-08-12T15:00:10","guid":{"rendered":"https:\/\/folkbat.se\/wordpress\/?page_id=2961"},"modified":"2026-03-30T21:26:02","modified_gmt":"2026-03-30T19:26:02","slug":"bilder","status":"publish","type":"page","link":"https:\/\/folkbat.se\/wordpress\/?page_id=2961","title":{"rendered":"Bilder"},"content":{"rendered":"\n<figure class=\"wp-block-gallery has-nested-images columns-default is-cropped is-style-rectangular wp-block-gallery-1 is-layout-flex wp-block-gallery-is-layout-flex\">\n<figure class=\"wp-block-image size-large\"><a href=\"https:\/\/folkbat.se\/wordpress\/?page_id=3079\"><img data-recalc-dims=\"1\" loading=\"lazy\" decoding=\"async\" width=\"779\" height=\"584\" data-attachment-id=\"3074\" data-permalink=\"https:\/\/folkbat.se\/wordpress\/?attachment_id=3074\" data-orig-file=\"https:\/\/i0.wp.com\/folkbat.se\/wordpress\/wp-content\/uploads\/2022\/08\/liten-fil-8111002.jpg?fit=2100%2C1575&amp;ssl=1\" data-orig-size=\"2100,1575\" data-comments-opened=\"1\" data-image-meta=\"{&quot;aperture&quot;:&quot;0&quot;,&quot;credit&quot;:&quot;&quot;,&quot;camera&quot;:&quot;&quot;,&quot;caption&quot;:&quot;&quot;,&quot;created_timestamp&quot;:&quot;0&quot;,&quot;copyright&quot;:&quot;&quot;,&quot;focal_length&quot;:&quot;0&quot;,&quot;iso&quot;:&quot;0&quot;,&quot;shutter_speed&quot;:&quot;0&quot;,&quot;title&quot;:&quot;&quot;,&quot;orientation&quot;:&quot;0&quot;}\" data-image-title=\"\" data-image-description=\"\" data-image-caption=\"&lt;p&gt;Foto: Jonas Lindstr\u00f6m&lt;\/p&gt;\n\" data-large-file=\"https:\/\/i0.wp.com\/folkbat.se\/wordpress\/wp-content\/uploads\/2022\/08\/liten-fil-8111002.jpg?fit=779%2C584&amp;ssl=1\" data-id=\"3074\" src=\"https:\/\/i0.wp.com\/folkbat.se\/wordpress\/wp-content\/uploads\/2022\/08\/liten-fil-8111002.jpg?resize=779%2C584&#038;ssl=1\" alt=\"\" class=\"wp-image-3074\"\/><\/a><figcaption class=\"wp-element-caption\">Svenska m\u00e4sterskapet 2022 i Ystad<\/figcaption><\/figure>\n\n\n\n<figure class=\"wp-block-image size-large\"><a href=\"https:\/\/folkbat.se\/wordpress\/?page_id=2970\"><img data-recalc-dims=\"1\" loading=\"lazy\" decoding=\"async\" width=\"779\" height=\"584\" data-attachment-id=\"2982\" data-permalink=\"https:\/\/folkbat.se\/wordpress\/?attachment_id=2982\" data-orig-file=\"https:\/\/i0.wp.com\/folkbat.se\/wordpress\/wp-content\/uploads\/2022\/08\/75jubileum-11.jpg?fit=1024%2C768&amp;ssl=1\" data-orig-size=\"1024,768\" data-comments-opened=\"1\" data-image-meta=\"{&quot;aperture&quot;:&quot;2.2&quot;,&quot;credit&quot;:&quot;&quot;,&quot;camera&quot;:&quot;iPhone SE&quot;,&quot;caption&quot;:&quot;Foto: Alexander Bratt&quot;,&quot;created_timestamp&quot;:&quot;1496766325&quot;,&quot;copyright&quot;:&quot;&quot;,&quot;focal_length&quot;:&quot;4.15&quot;,&quot;iso&quot;:&quot;25&quot;,&quot;shutter_speed&quot;:&quot;0.00028571428571429&quot;,&quot;title&quot;:&quot;Foto: Alexander Bratt&quot;,&quot;orientation&quot;:&quot;0&quot;}\" data-image-title=\"Search Magazine Classic Challenge\" data-image-description=\"\" data-image-caption=\"&lt;p&gt;Foto: Alexander Bratt&lt;\/p&gt;\n\" data-large-file=\"https:\/\/i0.wp.com\/folkbat.se\/wordpress\/wp-content\/uploads\/2022\/08\/75jubileum-11.jpg?fit=779%2C584&amp;ssl=1\" data-id=\"2982\" src=\"https:\/\/i0.wp.com\/folkbat.se\/wordpress\/wp-content\/uploads\/2022\/08\/75jubileum-11.jpg?resize=779%2C584&#038;ssl=1\" alt=\"\" class=\"wp-image-2982\"\/><\/a><figcaption class=\"wp-element-caption\">Search Magazine Classic Challenge 2017<\/figcaption><\/figure>\n\n\n\n<figure class=\"wp-block-image size-large\"><a href=\"https:\/\/folkbat.se\/wordpress\/?page_id=2938\"><img data-recalc-dims=\"1\" loading=\"lazy\" decoding=\"async\" width=\"779\" height=\"462\" data-attachment-id=\"2951\" data-permalink=\"https:\/\/folkbat.se\/wordpress\/?attachment_id=2951\" data-orig-file=\"https:\/\/i0.wp.com\/folkbat.se\/wordpress\/wp-content\/uploads\/2022\/08\/sm2016-1-1.jpg?fit=1177%2C698&amp;ssl=1\" data-orig-size=\"1177,698\" data-comments-opened=\"1\" data-image-meta=\"{&quot;aperture&quot;:&quot;16&quot;,&quot;credit&quot;:&quot;&quot;,&quot;camera&quot;:&quot;NIKON D90&quot;,&quot;caption&quot;:&quot;Foto: Niclas Sk\\u00e4rlund&quot;,&quot;created_timestamp&quot;:&quot;1468830216&quot;,&quot;copyright&quot;:&quot;&quot;,&quot;focal_length&quot;:&quot;52&quot;,&quot;iso&quot;:&quot;200&quot;,&quot;shutter_speed&quot;:&quot;0.004&quot;,&quot;title&quot;:&quot;Foto: Niclas Sk\\u00e4rlund&quot;,&quot;orientation&quot;:&quot;0&quot;}\" data-image-title=\"\" data-image-description=\"\" data-image-caption=\"&lt;p&gt;Foto: Niclas Sk\u00e4rlund&lt;\/p&gt;\n\" data-large-file=\"https:\/\/i0.wp.com\/folkbat.se\/wordpress\/wp-content\/uploads\/2022\/08\/sm2016-1-1.jpg?fit=779%2C462&amp;ssl=1\" data-id=\"2951\" src=\"https:\/\/i0.wp.com\/folkbat.se\/wordpress\/wp-content\/uploads\/2022\/08\/sm2016-1-1.jpg?resize=779%2C462&#038;ssl=1\" alt=\"\" class=\"wp-image-2951\"\/><\/a><figcaption class=\"wp-element-caption\">Svenska m\u00e4sterskapet 2016 i Stockholm<\/figcaption><\/figure>\n\n\n\n<figure class=\"wp-block-image size-large\"><a href=\"https:\/\/folkbat.se\/wordpress\/?page_id=2991\"><img data-recalc-dims=\"1\" loading=\"lazy\" decoding=\"async\" width=\"779\" height=\"505\" data-attachment-id=\"2994\" data-permalink=\"https:\/\/folkbat.se\/wordpress\/?attachment_id=2994\" data-orig-file=\"https:\/\/i0.wp.com\/folkbat.se\/wordpress\/wp-content\/uploads\/2022\/08\/gp82-4.jpg?fit=2448%2C1587&amp;ssl=1\" data-orig-size=\"2448,1587\" data-comments-opened=\"1\" data-image-meta=\"{&quot;aperture&quot;:&quot;0&quot;,&quot;credit&quot;:&quot;&quot;,&quot;camera&quot;:&quot;&quot;,&quot;caption&quot;:&quot;&quot;,&quot;created_timestamp&quot;:&quot;1660304055&quot;,&quot;copyright&quot;:&quot;&quot;,&quot;focal_length&quot;:&quot;0&quot;,&quot;iso&quot;:&quot;0&quot;,&quot;shutter_speed&quot;:&quot;0&quot;,&quot;title&quot;:&quot;&quot;,&quot;orientation&quot;:&quot;0&quot;}\" data-image-title=\"Guldpokalen 1982 i Simrishamn\" data-image-description=\"\" data-image-caption=\"\" data-large-file=\"https:\/\/i0.wp.com\/folkbat.se\/wordpress\/wp-content\/uploads\/2022\/08\/gp82-4.jpg?fit=779%2C505&amp;ssl=1\" data-id=\"2994\" src=\"https:\/\/i0.wp.com\/folkbat.se\/wordpress\/wp-content\/uploads\/2022\/08\/gp82-4.jpg?resize=779%2C505&#038;ssl=1\" alt=\"\" class=\"wp-image-2994\"\/><\/a><figcaption class=\"wp-element-caption\">Guldpokalen 1982 i Simrishamn<\/figcaption><\/figure>\n<\/figure>\n\n\n\n<p>Finlands Folkb\u00e5tsf\u00f6rbunds bildarkiv: <a href=\"https:\/\/www.folkkari.net\/32425\">https:\/\/www.folkkari.net\/32425<\/a><\/p>\n","protected":false},"excerpt":{"rendered":"<p>Finlands Folkb\u00e5tsf\u00f6rbunds bildarkiv: https:\/\/www.folkkari.net\/32425<\/p>\n","protected":false},"author":1,"featured_media":0,"parent":56,"menu_order":0,"comment_status":"closed","ping_status":"closed","template":"","meta":{"jetpack_post_was_ever_published":false,"footnotes":""},"class_list":["post-2961","page","type-page","status-publish","hentry"],"jetpack_sharing_enabled":true,"jetpack_shortlink":"https:\/\/wp.me\/P5CsWc-LL","jetpack-related-posts":[{"id":2970,"url":"https:\/\/folkbat.se\/wordpress\/?page_id=2970","url_meta":{"origin":2961,"position":0},"title":"Search Magazine Classic Challenge 2017","author":"Webbmaster","date":"12 augusti 2022","format":false,"excerpt":"Foto: Alexander Bratt","rel":"","context":"Liknande inl\u00e4gg","block_context":{"text":"Liknande inl\u00e4gg","link":""},"img":{"alt_text":"","src":"https:\/\/i0.wp.com\/folkbat.se\/wordpress\/wp-content\/uploads\/2022\/08\/75jubileum-01.jpg?resize=350%2C200&ssl=1","width":350,"height":200,"srcset":"https:\/\/i0.wp.com\/folkbat.se\/wordpress\/wp-content\/uploads\/2022\/08\/75jubileum-01.jpg?resize=350%2C200&ssl=1 1x, https:\/\/i0.wp.com\/folkbat.se\/wordpress\/wp-content\/uploads\/2022\/08\/75jubileum-01.jpg?resize=525%2C300&ssl=1 1.5x, https:\/\/i0.wp.com\/folkbat.se\/wordpress\/wp-content\/uploads\/2022\/08\/75jubileum-01.jpg?resize=700%2C400&ssl=1 2x"},"classes":[]},{"id":3079,"url":"https:\/\/folkbat.se\/wordpress\/?page_id=3079","url_meta":{"origin":2961,"position":1},"title":"Svenska m\u00e4sterskapet 2022 i Ystad","author":"Webbmaster","date":"18 augusti 2022","format":false,"excerpt":"Foto: Jonas Lindstr\u00f6m","rel":"","context":"Liknande inl\u00e4gg","block_context":{"text":"Liknande inl\u00e4gg","link":""},"img":{"alt_text":"","src":"https:\/\/i0.wp.com\/folkbat.se\/wordpress\/wp-content\/uploads\/2022\/08\/liten-fil-8110595.jpg?resize=350%2C200&ssl=1","width":350,"height":200,"srcset":"https:\/\/i0.wp.com\/folkbat.se\/wordpress\/wp-content\/uploads\/2022\/08\/liten-fil-8110595.jpg?resize=350%2C200&ssl=1 1x, https:\/\/i0.wp.com\/folkbat.se\/wordpress\/wp-content\/uploads\/2022\/08\/liten-fil-8110595.jpg?resize=525%2C300&ssl=1 1.5x, https:\/\/i0.wp.com\/folkbat.se\/wordpress\/wp-content\/uploads\/2022\/08\/liten-fil-8110595.jpg?resize=700%2C400&ssl=1 2x, https:\/\/i0.wp.com\/folkbat.se\/wordpress\/wp-content\/uploads\/2022\/08\/liten-fil-8110595.jpg?resize=1050%2C600&ssl=1 3x, https:\/\/i0.wp.com\/folkbat.se\/wordpress\/wp-content\/uploads\/2022\/08\/liten-fil-8110595.jpg?resize=1400%2C800&ssl=1 4x"},"classes":[]},{"id":2938,"url":"https:\/\/folkbat.se\/wordpress\/?page_id=2938","url_meta":{"origin":2961,"position":2},"title":"Svenska m\u00e4sterskapet 2016 i Stockholm","author":"Webbmaster","date":"12 augusti 2022","format":false,"excerpt":"Foto: Niclas Sk\u00e4rlund","rel":"","context":"Liknande inl\u00e4gg","block_context":{"text":"Liknande inl\u00e4gg","link":""},"img":{"alt_text":"","src":"https:\/\/i0.wp.com\/folkbat.se\/wordpress\/wp-content\/uploads\/2022\/08\/sm2016-1-1.jpg?resize=350%2C200&ssl=1","width":350,"height":200,"srcset":"https:\/\/i0.wp.com\/folkbat.se\/wordpress\/wp-content\/uploads\/2022\/08\/sm2016-1-1.jpg?resize=350%2C200&ssl=1 1x, https:\/\/i0.wp.com\/folkbat.se\/wordpress\/wp-content\/uploads\/2022\/08\/sm2016-1-1.jpg?resize=525%2C300&ssl=1 1.5x, https:\/\/i0.wp.com\/folkbat.se\/wordpress\/wp-content\/uploads\/2022\/08\/sm2016-1-1.jpg?resize=700%2C400&ssl=1 2x, https:\/\/i0.wp.com\/folkbat.se\/wordpress\/wp-content\/uploads\/2022\/08\/sm2016-1-1.jpg?resize=1050%2C600&ssl=1 3x"},"classes":[]},{"id":50,"url":"https:\/\/folkbat.se\/wordpress\/?page_id=50","url_meta":{"origin":2961,"position":3},"title":"L\u00e4nkar","author":"Webbmaster","date":"12 januari 2015","format":false,"excerpt":"F\u00f6rbund Svenska Seglarf\u00f6rbundetNordic Folkboat International AssociationDansk Folkeb\u00e5dsklubEesti Folkbootide Flotill (Estland)Finlands Folkb\u00e5tsf\u00f6rbundNederlandse Folkboot Club (Nederl\u00e4nderna)Asociaci\u00f3n Nordic Folkboat Espa\u00f1a (Spanien)UK Folkboat AssociationDeutsche Folkeboot VereinigungFolkeboot Magyarorsz\u00e1gon (Ungern)SF Bay Folkboat Association B\u00e5tbyggare och tillbeh\u00f6r Nya och begagnade b\u00e5tar och tillbeh\u00f6r, se Kom ig\u00e5ng och segla! Mats b\u00e5tbyggeri \u2013\u00a0master och bommar i tr\u00e4.Annell b\u00e5tbyggeri \u2013\u2026","rel":"","context":"Liknande inl\u00e4gg","block_context":{"text":"Liknande inl\u00e4gg","link":""},"img":{"alt_text":"","src":"","width":0,"height":0},"classes":[]},{"id":285,"url":"https:\/\/folkbat.se\/wordpress\/?page_id=285","url_meta":{"origin":2961,"position":4},"title":"Resultat","author":"Webbmaster","date":"7 juli 2015","format":false,"excerpt":"Sammanst\u00e4llningarSvenska m\u00e4sterskapetGuldpokalenSessanpokalenSan Francisco International Regatta 2023Guldpokalen i TallinnSM i V\u00e4stervik 2022SM i YstadFinska kortbanem\u00e4sterskapet i N\u00e5dendal 2021SM i Stenungsund 13\u201315 augusti 2021Finska kortbanem\u00e4sterskapet i N\u00e5dendal 2019SM p\u00e5 Rastaholm 2018SM i SimrishamnGuldpokalen i Simrishamn 2016SM i Stockholm 17\u201319 juli 2016Guldpokalen i Helsingfors 2015SM i Ljungskile 2\u20134 juli 2013Guldpokalen i Niendorf 29\u2026","rel":"","context":"Med 1 kommentar","block_context":{"text":"Med 1 kommentar","link":"https:\/\/folkbat.se\/wordpress\/?page_id=285#comments"},"img":{"alt_text":"","src":"","width":0,"height":0},"classes":[]},{"id":56,"url":"https:\/\/folkbat.se\/wordpress\/?page_id=56","url_meta":{"origin":2961,"position":5},"title":"Kappsegling","author":"Webbmaster","date":"12 januari 2015","format":false,"excerpt":"2021 9\u201311 juli Hang\u00f6regattan Hang\u00f6 13\u201315 juli Finska m\u00e4sterskapet Hang\u00f6 24\u201329 juli Guldpokalen Tallinn 13\u201315 augusti Svenska m\u00e4sterskapet Stenungsund F\u00f6r fler kappseglingar, se respektive flottilj.","rel":"","context":"Liknande inl\u00e4gg","block_context":{"text":"Liknande inl\u00e4gg","link":""},"img":{"alt_text":"","src":"","width":0,"height":0},"classes":[]}],"_links":{"self":[{"href":"https:\/\/folkbat.se\/wordpress\/index.php?rest_route=\/wp\/v2\/pages\/2961","targetHints":{"allow":["GET"]}}],"collection":[{"href":"https:\/\/folkbat.se\/wordpress\/index.php?rest_route=\/wp\/v2\/pages"}],"about":[{"href":"https:\/\/folkbat.se\/wordpress\/index.php?rest_route=\/wp\/v2\/types\/page"}],"author":[{"embeddable":true,"href":"https:\/\/folkbat.se\/wordpress\/index.php?rest_route=\/wp\/v2\/users\/1"}],"replies":[{"embeddable":true,"href":"https:\/\/folkbat.se\/wordpress\/index.php?rest_route=%2Fwp%2Fv2%2Fcomments&post=2961"}],"version-history":[{"count":9,"href":"https:\/\/folkbat.se\/wordpress\/index.php?rest_route=\/wp\/v2\/pages\/2961\/revisions"}],"predecessor-version":[{"id":4449,"href":"https:\/\/folkbat.se\/wordpress\/index.php?rest_route=\/wp\/v2\/pages\/2961\/revisions\/4449"}],"up":[{"embeddable":true,"href":"https:\/\/folkbat.se\/wordpress\/index.php?rest_route=\/wp\/v2\/pages\/56"}],"wp:attachment":[{"href":"https:\/\/folkbat.se\/wordpress\/index.php?rest_route=%2Fwp%2Fv2%2Fmedia&parent=2961"}],"curies":[{"name":"wp","href":"https:\/\/api.w.org\/{rel}","templated":true}]}}