{"id":2991,"date":"2022-08-12T19:39:09","date_gmt":"2022-08-12T17:39:09","guid":{"rendered":"https:\/\/folkbat.se\/wordpress\/?page_id=2991"},"modified":"2023-03-15T12:51:46","modified_gmt":"2023-03-15T11:51:46","slug":"guldpokalen-1982-i-simrishamn","status":"publish","type":"page","link":"https:\/\/folkbat.se\/wordpress\/?page_id=2991","title":{"rendered":"Guldpokalen 1982 i Simrishamn"},"content":{"rendered":"\n<p>Foto: Ok\u00e4nd<\/p>\n\n\n\n<div class=\"wp-block-jetpack-tiled-gallery aligncenter is-style-rectangular\"><div class=\"tiled-gallery__gallery\"><div class=\"tiled-gallery__row\"><div class=\"tiled-gallery__col\" style=\"flex-basis:44.00621%\"><figure class=\"tiled-gallery__item\"><img decoding=\"async\" data-attachment-id=\"2992\" data-permalink=\"https:\/\/folkbat.se\/wordpress\/?attachment_id=2992\" data-orig-file=\"https:\/\/i0.wp.com\/folkbat.se\/wordpress\/wp-content\/uploads\/2022\/08\/gp82-1.jpg?fit=2398%2C1554&amp;ssl=1\" data-orig-size=\"2398,1554\" data-comments-opened=\"1\" data-image-meta=\"{&quot;aperture&quot;:&quot;0&quot;,&quot;credit&quot;:&quot;&quot;,&quot;camera&quot;:&quot;&quot;,&quot;caption&quot;:&quot;&quot;,&quot;created_timestamp&quot;:&quot;1445102830&quot;,&quot;copyright&quot;:&quot;&quot;,&quot;focal_length&quot;:&quot;0&quot;,&quot;iso&quot;:&quot;0&quot;,&quot;shutter_speed&quot;:&quot;0&quot;,&quot;title&quot;:&quot;&quot;,&quot;orientation&quot;:&quot;0&quot;}\" data-image-title=\"\" data-image-description=\"\" data-image-caption=\"\" data-large-file=\"https:\/\/i0.wp.com\/folkbat.se\/wordpress\/wp-content\/uploads\/2022\/08\/gp82-1.jpg?fit=779%2C505&amp;ssl=1\" data-attachment-id=\"2992\" data-permalink=\"https:\/\/folkbat.se\/wordpress\/?attachment_id=2992\" data-orig-file=\"https:\/\/i0.wp.com\/folkbat.se\/wordpress\/wp-content\/uploads\/2022\/08\/gp82-1.jpg?fit=2398%2C1554&amp;ssl=1\" data-orig-size=\"2398,1554\" data-comments-opened=\"1\" data-image-meta=\"{&quot;aperture&quot;:&quot;0&quot;,&quot;credit&quot;:&quot;&quot;,&quot;camera&quot;:&quot;&quot;,&quot;caption&quot;:&quot;&quot;,&quot;created_timestamp&quot;:&quot;1445102830&quot;,&quot;copyright&quot;:&quot;&quot;,&quot;focal_length&quot;:&quot;0&quot;,&quot;iso&quot;:&quot;0&quot;,&quot;shutter_speed&quot;:&quot;0&quot;,&quot;title&quot;:&quot;&quot;,&quot;orientation&quot;:&quot;0&quot;}\" data-image-title=\"\" data-image-description=\"\" data-image-caption=\"\" data-large-file=\"https:\/\/i0.wp.com\/folkbat.se\/wordpress\/wp-content\/uploads\/2022\/08\/gp82-1.jpg?fit=779%2C505&amp;ssl=1\" role=\"button\" tabindex=\"0\" aria-label=\"\u00d6ppna bild 1 av 4 i fullsk\u00e4rm\"srcset=\"https:\/\/i2.wp.com\/folkbat.se\/wordpress\/wp-content\/uploads\/2022\/08\/gp82-1.jpg?strip=info&#038;w=600&#038;ssl=1 600w,https:\/\/i2.wp.com\/folkbat.se\/wordpress\/wp-content\/uploads\/2022\/08\/gp82-1.jpg?strip=info&#038;w=900&#038;ssl=1 900w,https:\/\/i2.wp.com\/folkbat.se\/wordpress\/wp-content\/uploads\/2022\/08\/gp82-1.jpg?strip=info&#038;w=1200&#038;ssl=1 1200w,https:\/\/i2.wp.com\/folkbat.se\/wordpress\/wp-content\/uploads\/2022\/08\/gp82-1.jpg?strip=info&#038;w=1500&#038;ssl=1 1500w,https:\/\/i2.wp.com\/folkbat.se\/wordpress\/wp-content\/uploads\/2022\/08\/gp82-1.jpg?strip=info&#038;w=1800&#038;ssl=1 1800w,https:\/\/i2.wp.com\/folkbat.se\/wordpress\/wp-content\/uploads\/2022\/08\/gp82-1.jpg?strip=info&#038;w=2000&#038;ssl=1 2000w\" alt=\"\" data-height=\"1554\" data-id=\"2992\" data-link=\"https:\/\/folkbat.se\/wordpress\/?attachment_id=2992\" data-url=\"https:\/\/folkbat.se\/wordpress\/wp-content\/uploads\/2022\/08\/gp82-1.jpg\" data-width=\"2398\" src=\"https:\/\/i2.wp.com\/folkbat.se\/wordpress\/wp-content\/uploads\/2022\/08\/gp82-1.jpg?ssl=1\" data-amp-layout=\"responsive\"\/><\/figure><figure class=\"tiled-gallery__item\"><img decoding=\"async\" data-attachment-id=\"2993\" data-permalink=\"https:\/\/folkbat.se\/wordpress\/?attachment_id=2993\" data-orig-file=\"https:\/\/i0.wp.com\/folkbat.se\/wordpress\/wp-content\/uploads\/2022\/08\/gp82-2.jpg?fit=2437%2C1580&amp;ssl=1\" data-orig-size=\"2437,1580\" data-comments-opened=\"1\" data-image-meta=\"{&quot;aperture&quot;:&quot;0&quot;,&quot;credit&quot;:&quot;&quot;,&quot;camera&quot;:&quot;&quot;,&quot;caption&quot;:&quot;&quot;,&quot;created_timestamp&quot;:&quot;1445102833&quot;,&quot;copyright&quot;:&quot;&quot;,&quot;focal_length&quot;:&quot;0&quot;,&quot;iso&quot;:&quot;0&quot;,&quot;shutter_speed&quot;:&quot;0&quot;,&quot;title&quot;:&quot;&quot;,&quot;orientation&quot;:&quot;0&quot;}\" data-image-title=\"\" data-image-description=\"\" data-image-caption=\"\" data-large-file=\"https:\/\/i0.wp.com\/folkbat.se\/wordpress\/wp-content\/uploads\/2022\/08\/gp82-2.jpg?fit=779%2C505&amp;ssl=1\" data-attachment-id=\"2993\" data-permalink=\"https:\/\/folkbat.se\/wordpress\/?attachment_id=2993\" data-orig-file=\"https:\/\/i0.wp.com\/folkbat.se\/wordpress\/wp-content\/uploads\/2022\/08\/gp82-2.jpg?fit=2437%2C1580&amp;ssl=1\" data-orig-size=\"2437,1580\" data-comments-opened=\"1\" data-image-meta=\"{&quot;aperture&quot;:&quot;0&quot;,&quot;credit&quot;:&quot;&quot;,&quot;camera&quot;:&quot;&quot;,&quot;caption&quot;:&quot;&quot;,&quot;created_timestamp&quot;:&quot;1445102833&quot;,&quot;copyright&quot;:&quot;&quot;,&quot;focal_length&quot;:&quot;0&quot;,&quot;iso&quot;:&quot;0&quot;,&quot;shutter_speed&quot;:&quot;0&quot;,&quot;title&quot;:&quot;&quot;,&quot;orientation&quot;:&quot;0&quot;}\" data-image-title=\"\" data-image-description=\"\" data-image-caption=\"\" data-large-file=\"https:\/\/i0.wp.com\/folkbat.se\/wordpress\/wp-content\/uploads\/2022\/08\/gp82-2.jpg?fit=779%2C505&amp;ssl=1\" role=\"button\" tabindex=\"0\" aria-label=\"\u00d6ppna bild 2 av 4 i fullsk\u00e4rm\"srcset=\"https:\/\/i1.wp.com\/folkbat.se\/wordpress\/wp-content\/uploads\/2022\/08\/gp82-2.jpg?strip=info&#038;w=600&#038;ssl=1 600w,https:\/\/i1.wp.com\/folkbat.se\/wordpress\/wp-content\/uploads\/2022\/08\/gp82-2.jpg?strip=info&#038;w=900&#038;ssl=1 900w,https:\/\/i1.wp.com\/folkbat.se\/wordpress\/wp-content\/uploads\/2022\/08\/gp82-2.jpg?strip=info&#038;w=1200&#038;ssl=1 1200w,https:\/\/i1.wp.com\/folkbat.se\/wordpress\/wp-content\/uploads\/2022\/08\/gp82-2.jpg?strip=info&#038;w=1500&#038;ssl=1 1500w,https:\/\/i1.wp.com\/folkbat.se\/wordpress\/wp-content\/uploads\/2022\/08\/gp82-2.jpg?strip=info&#038;w=1800&#038;ssl=1 1800w,https:\/\/i1.wp.com\/folkbat.se\/wordpress\/wp-content\/uploads\/2022\/08\/gp82-2.jpg?strip=info&#038;w=2000&#038;ssl=1 2000w\" alt=\"\" data-height=\"1580\" data-id=\"2993\" data-link=\"https:\/\/folkbat.se\/wordpress\/?attachment_id=2993\" data-url=\"https:\/\/folkbat.se\/wordpress\/wp-content\/uploads\/2022\/08\/gp82-2.jpg\" data-width=\"2437\" src=\"https:\/\/i1.wp.com\/folkbat.se\/wordpress\/wp-content\/uploads\/2022\/08\/gp82-2.jpg?ssl=1\" data-amp-layout=\"responsive\"\/><\/figure><figure class=\"tiled-gallery__item\"><img decoding=\"async\" data-attachment-id=\"2994\" data-permalink=\"https:\/\/folkbat.se\/wordpress\/?attachment_id=2994\" data-orig-file=\"https:\/\/i0.wp.com\/folkbat.se\/wordpress\/wp-content\/uploads\/2022\/08\/gp82-4.jpg?fit=2448%2C1587&amp;ssl=1\" data-orig-size=\"2448,1587\" data-comments-opened=\"1\" data-image-meta=\"{&quot;aperture&quot;:&quot;0&quot;,&quot;credit&quot;:&quot;&quot;,&quot;camera&quot;:&quot;&quot;,&quot;caption&quot;:&quot;&quot;,&quot;created_timestamp&quot;:&quot;1660304055&quot;,&quot;copyright&quot;:&quot;&quot;,&quot;focal_length&quot;:&quot;0&quot;,&quot;iso&quot;:&quot;0&quot;,&quot;shutter_speed&quot;:&quot;0&quot;,&quot;title&quot;:&quot;&quot;,&quot;orientation&quot;:&quot;0&quot;}\" data-image-title=\"Guldpokalen 1982 i Simrishamn\" data-image-description=\"\" data-image-caption=\"\" data-large-file=\"https:\/\/i0.wp.com\/folkbat.se\/wordpress\/wp-content\/uploads\/2022\/08\/gp82-4.jpg?fit=779%2C505&amp;ssl=1\" data-attachment-id=\"2994\" data-permalink=\"https:\/\/folkbat.se\/wordpress\/?attachment_id=2994\" data-orig-file=\"https:\/\/i0.wp.com\/folkbat.se\/wordpress\/wp-content\/uploads\/2022\/08\/gp82-4.jpg?fit=2448%2C1587&amp;ssl=1\" data-orig-size=\"2448,1587\" data-comments-opened=\"1\" data-image-meta=\"{&quot;aperture&quot;:&quot;0&quot;,&quot;credit&quot;:&quot;&quot;,&quot;camera&quot;:&quot;&quot;,&quot;caption&quot;:&quot;&quot;,&quot;created_timestamp&quot;:&quot;1660304055&quot;,&quot;copyright&quot;:&quot;&quot;,&quot;focal_length&quot;:&quot;0&quot;,&quot;iso&quot;:&quot;0&quot;,&quot;shutter_speed&quot;:&quot;0&quot;,&quot;title&quot;:&quot;&quot;,&quot;orientation&quot;:&quot;0&quot;}\" data-image-title=\"Guldpokalen 1982 i Simrishamn\" data-image-description=\"\" data-image-caption=\"\" data-large-file=\"https:\/\/i0.wp.com\/folkbat.se\/wordpress\/wp-content\/uploads\/2022\/08\/gp82-4.jpg?fit=779%2C505&amp;ssl=1\" role=\"button\" tabindex=\"0\" aria-label=\"\u00d6ppna bild 3 av 4 i fullsk\u00e4rm\"srcset=\"https:\/\/i0.wp.com\/folkbat.se\/wordpress\/wp-content\/uploads\/2022\/08\/gp82-4.jpg?strip=info&#038;w=600&#038;ssl=1 600w,https:\/\/i0.wp.com\/folkbat.se\/wordpress\/wp-content\/uploads\/2022\/08\/gp82-4.jpg?strip=info&#038;w=900&#038;ssl=1 900w,https:\/\/i0.wp.com\/folkbat.se\/wordpress\/wp-content\/uploads\/2022\/08\/gp82-4.jpg?strip=info&#038;w=1200&#038;ssl=1 1200w,https:\/\/i0.wp.com\/folkbat.se\/wordpress\/wp-content\/uploads\/2022\/08\/gp82-4.jpg?strip=info&#038;w=1500&#038;ssl=1 1500w,https:\/\/i0.wp.com\/folkbat.se\/wordpress\/wp-content\/uploads\/2022\/08\/gp82-4.jpg?strip=info&#038;w=1800&#038;ssl=1 1800w,https:\/\/i0.wp.com\/folkbat.se\/wordpress\/wp-content\/uploads\/2022\/08\/gp82-4.jpg?strip=info&#038;w=2000&#038;ssl=1 2000w\" alt=\"\" data-height=\"1587\" data-id=\"2994\" data-link=\"https:\/\/folkbat.se\/wordpress\/?attachment_id=2994\" data-url=\"https:\/\/folkbat.se\/wordpress\/wp-content\/uploads\/2022\/08\/gp82-4.jpg\" data-width=\"2448\" src=\"https:\/\/i0.wp.com\/folkbat.se\/wordpress\/wp-content\/uploads\/2022\/08\/gp82-4.jpg?ssl=1\" data-amp-layout=\"responsive\"\/><\/figure><\/div><div class=\"tiled-gallery__col\" style=\"flex-basis:55.99379%\"><figure class=\"tiled-gallery__item\"><img decoding=\"async\" data-attachment-id=\"2995\" data-permalink=\"https:\/\/folkbat.se\/wordpress\/?attachment_id=2995\" data-orig-file=\"https:\/\/i0.wp.com\/folkbat.se\/wordpress\/wp-content\/uploads\/2022\/08\/gp82-3.jpg?fit=1680%2C2592&amp;ssl=1\" data-orig-size=\"1680,2592\" data-comments-opened=\"1\" data-image-meta=\"{&quot;aperture&quot;:&quot;0&quot;,&quot;credit&quot;:&quot;&quot;,&quot;camera&quot;:&quot;&quot;,&quot;caption&quot;:&quot;&quot;,&quot;created_timestamp&quot;:&quot;1445102970&quot;,&quot;copyright&quot;:&quot;&quot;,&quot;focal_length&quot;:&quot;0&quot;,&quot;iso&quot;:&quot;0&quot;,&quot;shutter_speed&quot;:&quot;0&quot;,&quot;title&quot;:&quot;&quot;,&quot;orientation&quot;:&quot;0&quot;}\" data-image-title=\"\" data-image-description=\"\" data-image-caption=\"\" data-large-file=\"https:\/\/i0.wp.com\/folkbat.se\/wordpress\/wp-content\/uploads\/2022\/08\/gp82-3.jpg?fit=498%2C768&amp;ssl=1\" data-attachment-id=\"2995\" data-permalink=\"https:\/\/folkbat.se\/wordpress\/?attachment_id=2995\" data-orig-file=\"https:\/\/i0.wp.com\/folkbat.se\/wordpress\/wp-content\/uploads\/2022\/08\/gp82-3.jpg?fit=1680%2C2592&amp;ssl=1\" data-orig-size=\"1680,2592\" data-comments-opened=\"1\" data-image-meta=\"{&quot;aperture&quot;:&quot;0&quot;,&quot;credit&quot;:&quot;&quot;,&quot;camera&quot;:&quot;&quot;,&quot;caption&quot;:&quot;&quot;,&quot;created_timestamp&quot;:&quot;1445102970&quot;,&quot;copyright&quot;:&quot;&quot;,&quot;focal_length&quot;:&quot;0&quot;,&quot;iso&quot;:&quot;0&quot;,&quot;shutter_speed&quot;:&quot;0&quot;,&quot;title&quot;:&quot;&quot;,&quot;orientation&quot;:&quot;0&quot;}\" data-image-title=\"\" data-image-description=\"\" data-image-caption=\"\" data-large-file=\"https:\/\/i0.wp.com\/folkbat.se\/wordpress\/wp-content\/uploads\/2022\/08\/gp82-3.jpg?fit=498%2C768&amp;ssl=1\" role=\"button\" tabindex=\"0\" aria-label=\"\u00d6ppna bild 4 av 4 i fullsk\u00e4rm\"srcset=\"https:\/\/i2.wp.com\/folkbat.se\/wordpress\/wp-content\/uploads\/2022\/08\/gp82-3.jpg?strip=info&#038;w=600&#038;ssl=1 600w,https:\/\/i2.wp.com\/folkbat.se\/wordpress\/wp-content\/uploads\/2022\/08\/gp82-3.jpg?strip=info&#038;w=900&#038;ssl=1 900w,https:\/\/i2.wp.com\/folkbat.se\/wordpress\/wp-content\/uploads\/2022\/08\/gp82-3.jpg?strip=info&#038;w=1200&#038;ssl=1 1200w,https:\/\/i2.wp.com\/folkbat.se\/wordpress\/wp-content\/uploads\/2022\/08\/gp82-3.jpg?strip=info&#038;w=1500&#038;ssl=1 1500w,https:\/\/i2.wp.com\/folkbat.se\/wordpress\/wp-content\/uploads\/2022\/08\/gp82-3.jpg?strip=info&#038;w=1680&#038;ssl=1 1680w\" alt=\"\" data-height=\"2592\" data-id=\"2995\" data-link=\"https:\/\/folkbat.se\/wordpress\/?attachment_id=2995\" data-url=\"https:\/\/folkbat.se\/wordpress\/wp-content\/uploads\/2022\/08\/gp82-3.jpg\" data-width=\"1680\" src=\"https:\/\/i2.wp.com\/folkbat.se\/wordpress\/wp-content\/uploads\/2022\/08\/gp82-3.jpg?ssl=1\" data-amp-layout=\"responsive\"\/><\/figure><\/div><\/div><\/div><\/div>\n","protected":false},"excerpt":{"rendered":"<p>Foto: Ok\u00e4nd<\/p>\n","protected":false},"author":1,"featured_media":0,"parent":2961,"menu_order":1,"comment_status":"closed","ping_status":"closed","template":"","meta":{"jetpack_post_was_ever_published":false,"footnotes":""},"class_list":["post-2991","page","type-page","status-publish","hentry"],"jetpack_sharing_enabled":true,"jetpack_shortlink":"https:\/\/wp.me\/P5CsWc-Mf","jetpack-related-posts":[{"id":2961,"url":"https:\/\/folkbat.se\/wordpress\/?page_id=2961","url_meta":{"origin":2991,"position":0},"title":"Bilder","author":"Webbmaster","date":"12 augusti 2022","format":false,"excerpt":"Svenska m\u00e4sterskapet 2022 i Ystad Search Magazine Classic Challenge 2017 Svenska m\u00e4sterskapet 2016 i Stockholm Guldpokalen 1982 i Simrishamn Finlands Folkb\u00e5tsf\u00f6rbunds bildarkiv: https:\/\/www.folkkari.net\/32425","rel":"","context":"Liknande inl\u00e4gg","block_context":{"text":"Liknande inl\u00e4gg","link":""},"img":{"alt_text":"","src":"https:\/\/i0.wp.com\/folkbat.se\/wordpress\/wp-content\/uploads\/2022\/08\/liten-fil-8111002.jpg?resize=350%2C200","width":350,"height":200,"srcset":"https:\/\/i0.wp.com\/folkbat.se\/wordpress\/wp-content\/uploads\/2022\/08\/liten-fil-8111002.jpg?resize=350%2C200 1x, https:\/\/i0.wp.com\/folkbat.se\/wordpress\/wp-content\/uploads\/2022\/08\/liten-fil-8111002.jpg?resize=525%2C300 1.5x, https:\/\/i0.wp.com\/folkbat.se\/wordpress\/wp-content\/uploads\/2022\/08\/liten-fil-8111002.jpg?resize=700%2C400 2x, https:\/\/i0.wp.com\/folkbat.se\/wordpress\/wp-content\/uploads\/2022\/08\/liten-fil-8111002.jpg?resize=1050%2C600 3x, https:\/\/i0.wp.com\/folkbat.se\/wordpress\/wp-content\/uploads\/2022\/08\/liten-fil-8111002.jpg?resize=1400%2C800 4x"},"classes":[]},{"id":285,"url":"https:\/\/folkbat.se\/wordpress\/?page_id=285","url_meta":{"origin":2991,"position":1},"title":"Resultat","author":"Webbmaster","date":"7 juli 2015","format":false,"excerpt":"Sammanst\u00e4llningarSvenska m\u00e4sterskapetGuldpokalenSessanpokalenSan Francisco International Regatta 2023Guldpokalen i TallinnSM i V\u00e4stervik 2022SM i YstadFinska kortbanem\u00e4sterskapet i N\u00e5dendal 2021SM i Stenungsund 13\u201315 augusti 2021Finska kortbanem\u00e4sterskapet i N\u00e5dendal 2019SM p\u00e5 Rastaholm 2018SM i SimrishamnGuldpokalen i Simrishamn 2016SM i Stockholm 17\u201319 juli 2016Guldpokalen i Helsingfors 2015SM i Ljungskile 2\u20134 juli 2013Guldpokalen i Niendorf 29\u2026","rel":"","context":"Med 1 kommentar","block_context":{"text":"Med 1 kommentar","link":"https:\/\/folkbat.se\/wordpress\/?page_id=285#comments"},"img":{"alt_text":"","src":"","width":0,"height":0},"classes":[]},{"id":2938,"url":"https:\/\/folkbat.se\/wordpress\/?page_id=2938","url_meta":{"origin":2991,"position":2},"title":"Svenska m\u00e4sterskapet 2016 i Stockholm","author":"Webbmaster","date":"12 augusti 2022","format":false,"excerpt":"Foto: Niclas Sk\u00e4rlund","rel":"","context":"Liknande inl\u00e4gg","block_context":{"text":"Liknande inl\u00e4gg","link":""},"img":{"alt_text":"","src":"https:\/\/i0.wp.com\/folkbat.se\/wordpress\/wp-content\/uploads\/2022\/08\/sm2016-1-1.jpg?resize=350%2C200&ssl=1","width":350,"height":200,"srcset":"https:\/\/i0.wp.com\/folkbat.se\/wordpress\/wp-content\/uploads\/2022\/08\/sm2016-1-1.jpg?resize=350%2C200&ssl=1 1x, https:\/\/i0.wp.com\/folkbat.se\/wordpress\/wp-content\/uploads\/2022\/08\/sm2016-1-1.jpg?resize=525%2C300&ssl=1 1.5x, https:\/\/i0.wp.com\/folkbat.se\/wordpress\/wp-content\/uploads\/2022\/08\/sm2016-1-1.jpg?resize=700%2C400&ssl=1 2x, https:\/\/i0.wp.com\/folkbat.se\/wordpress\/wp-content\/uploads\/2022\/08\/sm2016-1-1.jpg?resize=1050%2C600&ssl=1 3x"},"classes":[]},{"id":3079,"url":"https:\/\/folkbat.se\/wordpress\/?page_id=3079","url_meta":{"origin":2991,"position":3},"title":"Svenska m\u00e4sterskapet 2022 i Ystad","author":"Webbmaster","date":"18 augusti 2022","format":false,"excerpt":"Foto: Jonas Lindstr\u00f6m","rel":"","context":"Liknande inl\u00e4gg","block_context":{"text":"Liknande inl\u00e4gg","link":""},"img":{"alt_text":"","src":"https:\/\/i0.wp.com\/folkbat.se\/wordpress\/wp-content\/uploads\/2022\/08\/liten-fil-8110595.jpg?resize=350%2C200&ssl=1","width":350,"height":200,"srcset":"https:\/\/i0.wp.com\/folkbat.se\/wordpress\/wp-content\/uploads\/2022\/08\/liten-fil-8110595.jpg?resize=350%2C200&ssl=1 1x, https:\/\/i0.wp.com\/folkbat.se\/wordpress\/wp-content\/uploads\/2022\/08\/liten-fil-8110595.jpg?resize=525%2C300&ssl=1 1.5x, https:\/\/i0.wp.com\/folkbat.se\/wordpress\/wp-content\/uploads\/2022\/08\/liten-fil-8110595.jpg?resize=700%2C400&ssl=1 2x, https:\/\/i0.wp.com\/folkbat.se\/wordpress\/wp-content\/uploads\/2022\/08\/liten-fil-8110595.jpg?resize=1050%2C600&ssl=1 3x, https:\/\/i0.wp.com\/folkbat.se\/wordpress\/wp-content\/uploads\/2022\/08\/liten-fil-8110595.jpg?resize=1400%2C800&ssl=1 4x"},"classes":[]},{"id":2970,"url":"https:\/\/folkbat.se\/wordpress\/?page_id=2970","url_meta":{"origin":2991,"position":4},"title":"Search Magazine Classic Challenge 2017","author":"Webbmaster","date":"12 augusti 2022","format":false,"excerpt":"Foto: Alexander Bratt","rel":"","context":"Liknande inl\u00e4gg","block_context":{"text":"Liknande inl\u00e4gg","link":""},"img":{"alt_text":"","src":"https:\/\/i0.wp.com\/folkbat.se\/wordpress\/wp-content\/uploads\/2022\/08\/75jubileum-01.jpg?resize=350%2C200&ssl=1","width":350,"height":200,"srcset":"https:\/\/i0.wp.com\/folkbat.se\/wordpress\/wp-content\/uploads\/2022\/08\/75jubileum-01.jpg?resize=350%2C200&ssl=1 1x, https:\/\/i0.wp.com\/folkbat.se\/wordpress\/wp-content\/uploads\/2022\/08\/75jubileum-01.jpg?resize=525%2C300&ssl=1 1.5x, https:\/\/i0.wp.com\/folkbat.se\/wordpress\/wp-content\/uploads\/2022\/08\/75jubileum-01.jpg?resize=700%2C400&ssl=1 2x"},"classes":[]},{"id":56,"url":"https:\/\/folkbat.se\/wordpress\/?page_id=56","url_meta":{"origin":2991,"position":5},"title":"Kappsegling","author":"Webbmaster","date":"12 januari 2015","format":false,"excerpt":"2021 9\u201311 juli Hang\u00f6regattan Hang\u00f6 13\u201315 juli Finska m\u00e4sterskapet Hang\u00f6 24\u201329 juli Guldpokalen Tallinn 13\u201315 augusti Svenska m\u00e4sterskapet Stenungsund F\u00f6r fler kappseglingar, se respektive flottilj.","rel":"","context":"Liknande inl\u00e4gg","block_context":{"text":"Liknande inl\u00e4gg","link":""},"img":{"alt_text":"","src":"","width":0,"height":0},"classes":[]}],"_links":{"self":[{"href":"https:\/\/folkbat.se\/wordpress\/index.php?rest_route=\/wp\/v2\/pages\/2991","targetHints":{"allow":["GET"]}}],"collection":[{"href":"https:\/\/folkbat.se\/wordpress\/index.php?rest_route=\/wp\/v2\/pages"}],"about":[{"href":"https:\/\/folkbat.se\/wordpress\/index.php?rest_route=\/wp\/v2\/types\/page"}],"author":[{"embeddable":true,"href":"https:\/\/folkbat.se\/wordpress\/index.php?rest_route=\/wp\/v2\/users\/1"}],"replies":[{"embeddable":true,"href":"https:\/\/folkbat.se\/wordpress\/index.php?rest_route=%2Fwp%2Fv2%2Fcomments&post=2991"}],"version-history":[{"count":1,"href":"https:\/\/folkbat.se\/wordpress\/index.php?rest_route=\/wp\/v2\/pages\/2991\/revisions"}],"predecessor-version":[{"id":2996,"href":"https:\/\/folkbat.se\/wordpress\/index.php?rest_route=\/wp\/v2\/pages\/2991\/revisions\/2996"}],"up":[{"embeddable":true,"href":"https:\/\/folkbat.se\/wordpress\/index.php?rest_route=\/wp\/v2\/pages\/2961"}],"wp:attachment":[{"href":"https:\/\/folkbat.se\/wordpress\/index.php?rest_route=%2Fwp%2Fv2%2Fmedia&parent=2991"}],"curies":[{"name":"wp","href":"https:\/\/api.w.org\/{rel}","templated":true}]}}