{"id":3263,"date":"2023-03-10T10:48:27","date_gmt":"2023-03-10T09:48:27","guid":{"rendered":"https:\/\/folkbat.se\/wordpress\/?page_id=3263"},"modified":"2026-03-23T10:48:06","modified_gmt":"2026-03-23T09:48:06","slug":"ofk-ostkustens-folkbatsklubb","status":"publish","type":"page","link":"https:\/\/folkbat.se\/wordpress\/?page_id=3263","title":{"rendered":"OFK \u2013 Ostkustens Folkb\u00e5tsklubb"},"content":{"rendered":"\n<p>Ostkustens Folkb\u00e5tsklubb \u00e4r den st\u00f6rsta flottiljen i f\u00f6rbundet med ~140 medlemmar.<br>Flottiljen str\u00e4cker sig fr\u00e5n Kalmar i s\u00f6der till Haparanda i norr. De flesta medlemmarna finns i Stockholmstrakten, d\u00e4r de aktiva kappseglarna i huvudsak parkerar sina b\u00e5tar hos Vikingarnas Segels\u00e4llskap vid Stora Hundudden i Stockholm. <\/p>\n\n\n\n<h3 class=\"wp-block-heading\">Stockholmsserien 2026<\/h3>\n\n\n\n<p>I Stockholmsserien 2026 r\u00e4knar vi ihop regattorna<\/p>\n\n\n\n<ul class=\"wp-block-list\">\n<li>23 maj Liding\u00f6 runt<\/li>\n\n\n\n<li>30\u201331 maj Vikingaregattan<\/li>\n\n\n\n<li>13\u201314 juni VSS sprintsegling<\/li>\n\n\n\n<li>1 augusti Runmar\u00f6 runt<\/li>\n\n\n\n<li>12 september Liding\u00f6 race<\/li>\n<\/ul>\n\n\n\n<p>Eftersom sprintseglingen inneh\u00e5ller m\u00e5nga fler seglingar \u00e4n \u00f6vriga ska enbart en b\u00e5ts sex b\u00e4sta seglingar d\u00e4rifr\u00e5n r\u00e4knas med.<\/p>\n\n\n\n<h3 class=\"wp-block-heading\">Kontaktperson<\/h3>\n\n\n\n<p>Hobbe W\u00e4rneg\u00e5rd (ordf\u00f6rande) \u2013 <a href=\"mailto:hobrik@hobrik.se\">hobrik@hobrik.se<\/a><\/p>\n","protected":false},"excerpt":{"rendered":"<p>Ostkustens Folkb\u00e5tsklubb \u00e4r den st\u00f6rsta flottiljen i f\u00f6rbundet med ~140 medlemmar.Flottiljen str\u00e4cker sig fr\u00e5n Kalmar i s\u00f6der till Haparanda i norr. De flesta medlemmarna finns i Stockholmstrakten, d\u00e4r de aktiva kappseglarna i huvudsak parkerar sina b\u00e5tar hos Vikingarnas Segels\u00e4llskap vid&hellip; <a href=\"https:\/\/folkbat.se\/wordpress\/?page_id=3263\" class=\"apace-readmore-link\"><span class=\"screen-reader-text\">OFK \u2013 Ostkustens Folkb\u00e5tsklubb<\/span>L\u00e4s mer<\/a><\/p>\n","protected":false},"author":11,"featured_media":0,"parent":16,"menu_order":3,"comment_status":"closed","ping_status":"closed","template":"","meta":{"jetpack_post_was_ever_published":false,"footnotes":""},"class_list":["post-3263","page","type-page","status-publish","hentry"],"jetpack_sharing_enabled":true,"jetpack_shortlink":"https:\/\/wp.me\/P5CsWc-QD","jetpack-related-posts":[{"id":16,"url":"https:\/\/folkbat.se\/wordpress\/?page_id=16","url_meta":{"origin":3263,"position":0},"title":"Flottiljer","author":"Webbmaster","date":"12 januari 2015","format":false,"excerpt":"Blekinge Halmstad Ostkusten Sk\u00e5ne V\u00e4stkusten","rel":"","context":"Liknande inl\u00e4gg","block_context":{"text":"Liknande inl\u00e4gg","link":""},"img":{"alt_text":"","src":"","width":0,"height":0},"classes":[]},{"id":12,"url":"https:\/\/folkbat.se\/wordpress\/?page_id=12","url_meta":{"origin":3263,"position":1},"title":"Styrelse","author":"Webbmaster","date":"12 januari 2015","format":false,"excerpt":"Kontaktuppgifter till \u00f6vriga f\u00f6rbundsfunktion\u00e4rer Ordf\u00f6randeP\u00e4r JohansonNorrstigen 24181 31 Liding\u00f6073-042 15 15\u202cjohanson.par@gmail.com Vice ordf\u00f6randeAlexander Brattascbratt@gmail.com Kass\u00f6r och medlemsregisterElisabet Rosenqvist073-029 85 55elisabetrosenqvist@hotmail.com SekreterareLars WramnerEklandagatan 1412 55 G\u00f6teborg076-002 19 89larswramner@gmail.com M\u00e4tchefGunnar BontheliusPilgatan 24, lgh 1201112 23 Stockholm070-812 96 66gunnarb52@outlook.com T\u00e4vlingsansvarigHans Torl\u00e9nSj\u00f6kvarnsbacken 12131 71 Nacka070-517 09 49hans@torlen.se MedieansvarigKarl-Johan EricssonIndustrigatan 2546 71 M\u00f6lltorp070-248 25 20karl-johan.ericsson@aspapulp.com","rel":"","context":"Liknande inl\u00e4gg","block_context":{"text":"Liknande inl\u00e4gg","link":""},"img":{"alt_text":"","src":"","width":0,"height":0},"classes":[]},{"id":531,"url":"https:\/\/folkbat.se\/wordpress\/?page_id=531","url_meta":{"origin":3263,"position":2},"title":"K\u00f6pa folkb\u00e5t","author":"Webbmaster","date":"20 augusti 2015","format":false,"excerpt":"Folkb\u00e5ten \u00e4r en robust konstruktion, och n\u00e5gra direkt svaga punkter finns ej. Ska du k\u00f6pa en Folkb\u00e5t f\u00f6r enbart turseglig \u00e4r det d\u00e4rf\u00f6r inte s\u00e5 mycket att s\u00e4ga om just Folkb\u00e5ten. En grundlig inspektion av hela b\u00e5ten, g\u00e4rna tillsammans med en erfaren kamrat, b\u00f6r sj\u00e4lvklart g\u00f6ras f\u00f6re sj\u00e4lva k\u00f6pet. Dock\u2026","rel":"","context":"Med 1 kommentar","block_context":{"text":"Med 1 kommentar","link":"https:\/\/folkbat.se\/wordpress\/?page_id=531#comments"},"img":{"alt_text":"","src":"","width":0,"height":0},"classes":[]},{"id":1209,"url":"https:\/\/folkbat.se\/wordpress\/?page_id=1209","url_meta":{"origin":3263,"position":3},"title":"Kom ig\u00e5ng och segla!","author":"Webbmaster","date":"28 februari 2017","format":false,"excerpt":"Vi \u00e4r drygt 20 kappseglande b\u00e5tar i Sverige och \u00f6ver 200 i Nordeuropa. Varje \u00e5r seglar vi om Svenskt m\u00e4sterskap och om Guldpokalen (v\u00e5r internationella t\u00e4vling) i Norden eller Tyskland samt andra t\u00e4vlingar i Sverige och Norden. Aktuella kappseglingar H\u00e4r finns kappseglingsprogrammet Begagnade folkb\u00e5tar och tillbeh\u00f6r Du f\u00e5r en bra\u2026","rel":"","context":"Liknande inl\u00e4gg","block_context":{"text":"Liknande inl\u00e4gg","link":""},"img":{"alt_text":"","src":"","width":0,"height":0},"classes":[]},{"id":1177,"url":"https:\/\/folkbat.se\/wordpress\/?page_id=1177","url_meta":{"origin":3263,"position":4},"title":"V\u00e4stkusten","author":"Webbmaster","date":"7 februari 2017","format":false,"excerpt":"V\u00e4stkusten2016 f\u00e5r vi nog kalla en riktig l\u00e5gs\u00e4song h\u00e4r i v\u00e4st. Deltagarantalet p\u00e5 v\u00e5ra seglingar har varit osedvanligt l\u00e5gt. SM p\u00e5 V\u00e4rtan lockade inte s\u00e5 ist\u00e4llet \u00e5kte n\u00e5gra ner till Danska M\u00e4sterskapet i Skovshoved. D\u00e4r visade det sig som vanligt att \u201dDi danske\u201d var sv\u00e5rslagna. Men \u201dPaj\u201d fr\u00e5n Karlshamn snodde\u2026","rel":"","context":"Liknande inl\u00e4gg","block_context":{"text":"Liknande inl\u00e4gg","link":""},"img":{"alt_text":"","src":"","width":0,"height":0},"classes":[]},{"id":53,"url":"https:\/\/folkbat.se\/wordpress\/?page_id=53","url_meta":{"origin":3263,"position":5},"title":"Historia","author":"Webbmaster","date":"12 januari 2015","format":false,"excerpt":"Folkb\u00e5ten har en tradition. Detta \u00e4r en omistlig kvalit\u00e9 som tycks uppskattas mer och mer och som kanske \u00e4r en delf\u00f6rklaring till den goda sammanh\u00e5llning som man finner bland t. ex. Folkb\u00e5tseglare, Sk\u00e4rg\u00e5rdskryssare, Neppare m. fl. Folkb\u00e5ten fyller 2002 60 \u00e5r. H\u00e4r \u00e4r en tillbakablick: Id\u00e9n I slutet av 30-talet\u2026","rel":"","context":"Liknande inl\u00e4gg","block_context":{"text":"Liknande inl\u00e4gg","link":""},"img":{"alt_text":"","src":"","width":0,"height":0},"classes":[]}],"_links":{"self":[{"href":"https:\/\/folkbat.se\/wordpress\/index.php?rest_route=\/wp\/v2\/pages\/3263","targetHints":{"allow":["GET"]}}],"collection":[{"href":"https:\/\/folkbat.se\/wordpress\/index.php?rest_route=\/wp\/v2\/pages"}],"about":[{"href":"https:\/\/folkbat.se\/wordpress\/index.php?rest_route=\/wp\/v2\/types\/page"}],"author":[{"embeddable":true,"href":"https:\/\/folkbat.se\/wordpress\/index.php?rest_route=\/wp\/v2\/users\/11"}],"replies":[{"embeddable":true,"href":"https:\/\/folkbat.se\/wordpress\/index.php?rest_route=%2Fwp%2Fv2%2Fcomments&post=3263"}],"version-history":[{"count":6,"href":"https:\/\/folkbat.se\/wordpress\/index.php?rest_route=\/wp\/v2\/pages\/3263\/revisions"}],"predecessor-version":[{"id":4446,"href":"https:\/\/folkbat.se\/wordpress\/index.php?rest_route=\/wp\/v2\/pages\/3263\/revisions\/4446"}],"up":[{"embeddable":true,"href":"https:\/\/folkbat.se\/wordpress\/index.php?rest_route=\/wp\/v2\/pages\/16"}],"wp:attachment":[{"href":"https:\/\/folkbat.se\/wordpress\/index.php?rest_route=%2Fwp%2Fv2%2Fmedia&parent=3263"}],"curies":[{"name":"wp","href":"https:\/\/api.w.org\/{rel}","templated":true}]}}