{"id":3379,"date":"2023-06-26T19:58:55","date_gmt":"2023-06-26T17:58:55","guid":{"rendered":"https:\/\/folkbat.se\/wordpress\/?page_id=3379"},"modified":"2024-11-30T10:23:38","modified_gmt":"2024-11-30T09:23:38","slug":"stadgar-sff","status":"publish","type":"page","link":"https:\/\/folkbat.se\/wordpress\/?page_id=3379","title":{"rendered":"Stadgar SFF"},"content":{"rendered":"\n<div data-wp-interactive=\"core\/file\" class=\"wp-block-file\"><object data-wp-bind--hidden=\"!state.hasPdfPreview\" hidden class=\"wp-block-file__embed\" data=\"https:\/\/folkbat.se\/wordpress\/wp-content\/uploads\/2024\/11\/240316-SFF-stadgar.pdf\" type=\"application\/pdf\" style=\"width:100%;height:600px\" aria-label=\"Inb\u00e4ddning av 240316 SFF stadgar.\"><\/object><a id=\"wp-block-file--media-a71359d0-bb66-47f7-bee1-55a93d1a1592\" href=\"https:\/\/folkbat.se\/wordpress\/wp-content\/uploads\/2024\/11\/240316-SFF-stadgar.pdf\">240316 SFF stadgar<\/a><a href=\"https:\/\/folkbat.se\/wordpress\/wp-content\/uploads\/2024\/11\/240316-SFF-stadgar.pdf\" class=\"wp-block-file__button wp-element-button\" download aria-describedby=\"wp-block-file--media-a71359d0-bb66-47f7-bee1-55a93d1a1592\">Ladda ner<\/a><\/div>\n","protected":false},"excerpt":{"rendered":"","protected":false},"author":1,"featured_media":0,"parent":0,"menu_order":0,"comment_status":"closed","ping_status":"closed","template":"","meta":{"jetpack_post_was_ever_published":false,"footnotes":""},"class_list":["post-3379","page","type-page","status-publish","hentry"],"jetpack_sharing_enabled":true,"jetpack_shortlink":"https:\/\/wp.me\/P5CsWc-Sv","jetpack-related-posts":[{"id":1177,"url":"https:\/\/folkbat.se\/wordpress\/?page_id=1177","url_meta":{"origin":3379,"position":0},"title":"V\u00e4stkusten","author":"Webbmaster","date":"7 februari 2017","format":false,"excerpt":"V\u00e4stkusten2016 f\u00e5r vi nog kalla en riktig l\u00e5gs\u00e4song h\u00e4r i v\u00e4st. Deltagarantalet p\u00e5 v\u00e5ra seglingar har varit osedvanligt l\u00e5gt. SM p\u00e5 V\u00e4rtan lockade inte s\u00e5 ist\u00e4llet \u00e5kte n\u00e5gra ner till Danska M\u00e4sterskapet i Skovshoved. D\u00e4r visade det sig som vanligt att \u201dDi danske\u201d var sv\u00e5rslagna. Men \u201dPaj\u201d fr\u00e5n Karlshamn snodde\u2026","rel":"","context":"Liknande inl\u00e4gg","block_context":{"text":"Liknande inl\u00e4gg","link":""},"img":{"alt_text":"","src":"","width":0,"height":0},"classes":[]}],"_links":{"self":[{"href":"https:\/\/folkbat.se\/wordpress\/index.php?rest_route=\/wp\/v2\/pages\/3379","targetHints":{"allow":["GET"]}}],"collection":[{"href":"https:\/\/folkbat.se\/wordpress\/index.php?rest_route=\/wp\/v2\/pages"}],"about":[{"href":"https:\/\/folkbat.se\/wordpress\/index.php?rest_route=\/wp\/v2\/types\/page"}],"author":[{"embeddable":true,"href":"https:\/\/folkbat.se\/wordpress\/index.php?rest_route=\/wp\/v2\/users\/1"}],"replies":[{"embeddable":true,"href":"https:\/\/folkbat.se\/wordpress\/index.php?rest_route=%2Fwp%2Fv2%2Fcomments&post=3379"}],"version-history":[{"count":4,"href":"https:\/\/folkbat.se\/wordpress\/index.php?rest_route=\/wp\/v2\/pages\/3379\/revisions"}],"predecessor-version":[{"id":4092,"href":"https:\/\/folkbat.se\/wordpress\/index.php?rest_route=\/wp\/v2\/pages\/3379\/revisions\/4092"}],"wp:attachment":[{"href":"https:\/\/folkbat.se\/wordpress\/index.php?rest_route=%2Fwp%2Fv2%2Fmedia&parent=3379"}],"curies":[{"name":"wp","href":"https:\/\/api.w.org\/{rel}","templated":true}]}}