{"id":4195,"date":"2025-06-16T22:12:29","date_gmt":"2025-06-16T20:12:29","guid":{"rendered":"https:\/\/folkbat.se\/wordpress\/?page_id=4195"},"modified":"2026-03-03T14:21:09","modified_gmt":"2026-03-03T13:21:09","slug":"skane","status":"publish","type":"page","link":"https:\/\/folkbat.se\/wordpress\/?page_id=4195","title":{"rendered":"Sk\u00e5ne"},"content":{"rendered":"\n<p><strong>Ordf\u00f6rande<\/strong><\/p>\n\n\n\n<p>Anders Carlzon<\/p>\n\n\n\n<p><a href=\"mailto:anders.carlzon@telia.com\">anders.carlzon@telia.com<\/a><\/p>\n\n\n\n<p><strong>Vice Ordf\u00f6rande och Lokalombud \u00d6resund<\/strong><\/p>\n\n\n\n<p>Kenneth Nilsson<\/p>\n\n\n\n<p><a href=\"mailto:carpe-diem.ken@telia.com\">carpe-diem.ken@telia.com<\/a><\/p>\n\n\n\n<p><strong>Kass\u00f6r<\/strong><\/p>\n\n\n\n<p>Elisabet Rosenqvist<\/p>\n\n\n\n<p><a href=\"mailto:elisabetrosenqvist@hotmail.com\">elisabetrosenqvist@hotmail.com<\/a><\/p>\n\n\n\n<p><strong>Sekreterare<\/strong><\/p>\n\n\n\n<p>Martin Johansson<\/p>\n\n\n\n<p><a href=\"mailto:martin.johansson757@gmail.com\">martin.johansson757@gmail.com<\/a><\/p>\n\n\n\n<p><strong>Ledamot<\/strong><\/p>\n\n\n\n<p>Ulf Bj\u00f6rk<\/p>\n\n\n\n<p>info@sydsegel.se<\/p>\n\n\n\n<p><strong>Suppleant<\/strong><\/p>\n\n\n\n<p>Anders Polsten<\/p>\n\n\n\n<p>anders@polsten.se<\/p>\n","protected":false},"excerpt":{"rendered":"<p>Ordf\u00f6rande Anders Carlzon anders.carlzon@telia.com Vice Ordf\u00f6rande och Lokalombud \u00d6resund Kenneth Nilsson carpe-diem.ken@telia.com Kass\u00f6r Elisabet Rosenqvist elisabetrosenqvist@hotmail.com Sekreterare Martin Johansson martin.johansson757@gmail.com Ledamot Ulf Bj\u00f6rk info@sydsegel.se Suppleant Anders Polsten anders@polsten.se<\/p>\n","protected":false},"author":1,"featured_media":0,"parent":16,"menu_order":-1,"comment_status":"closed","ping_status":"closed","template":"","meta":{"jetpack_post_was_ever_published":false,"footnotes":""},"class_list":["post-4195","page","type-page","status-publish","hentry"],"jetpack_sharing_enabled":true,"jetpack_shortlink":"https:\/\/wp.me\/P5CsWc-15F","jetpack-related-posts":[{"id":2246,"url":"https:\/\/folkbat.se\/wordpress\/?page_id=2246","url_meta":{"origin":4195,"position":0},"title":"F\u00f6rbundsfunktion\u00e4rer","author":"Webbmaster","date":"2 november 2020","format":false,"excerpt":"Kontaktuppgifter till styrelsen KontaktpersonerHalmstad: Lars\u00a0Evaldsson, 070-814 55 78, lars.evalds\u00adson@telia.comKarlsborg: Karl-Johan\u00a0Erics\u00adson, 070-248 25 20, karl-johan.ericsson@ahlstrom.comMalm\u00f6: Anders\u00a0Carlzon, 040-15 45 19, anderscarlzon@icloud.comStockholm: Hob\u00adbe\u00a0W\u00e4rneg\u00e5rd, 073-598 99 13, hobrik@hobrik.seYstad: Pehr\u00a0Ola\u00a0Pehrs\u00adson, pehr.ola.pehrs\u00adson@telia.com Redakt\u00f6rer f\u00f6r Folkb\u00e5tsnyttPer H\u00f6rberg (per.hrberg@samutveckling.se)G\u00f6ran SvenssonAlexander Bratt Webbredakt\u00f6rAlexander Bratt (webb@folkbat.se) F\u00f6rbundsm\u00e4tpersonerPer Lindell (G\u00f6teborg; per.h.lindell@gmail.com)Pehr Ola Persson (Ystad; pehr.ola.pehrsson@telia.com)Johan Tuvstedt (T\u00e4by; johan@tuvstedt.se)","rel":"","context":"Liknande inl\u00e4gg","block_context":{"text":"Liknande inl\u00e4gg","link":""},"img":{"alt_text":"","src":"","width":0,"height":0},"classes":[]},{"id":12,"url":"https:\/\/folkbat.se\/wordpress\/?page_id=12","url_meta":{"origin":4195,"position":1},"title":"Styrelse","author":"Webbmaster","date":"12 januari 2015","format":false,"excerpt":"Kontaktuppgifter till \u00f6vriga f\u00f6rbundsfunktion\u00e4rer Ordf\u00f6randeP\u00e4r JohansonNorrstigen 24181 31 Liding\u00f6073-042 15 15\u202cjohanson.par@gmail.com Vice ordf\u00f6randeAlexander Brattascbratt@gmail.com Kass\u00f6r och medlemsregisterElisabet Rosenqvist073-029 85 55elisabetrosenqvist@hotmail.com SekreterareLars WramnerEklandagatan 1412 55 G\u00f6teborg076-002 19 89larswramner@gmail.com M\u00e4tchefGunnar BontheliusPilgatan 24, lgh 1201112 23 Stockholm070-812 96 66gunnarb52@outlook.com T\u00e4vlingsansvarigHans Torl\u00e9nSj\u00f6kvarnsbacken 12131 71 Nacka070-517 09 49hans@torlen.se MedieansvarigKarl-Johan EricssonIndustrigatan 2546 71 M\u00f6lltorp070-248 25 20karl-johan.ericsson@aspapulp.com","rel":"","context":"Liknande inl\u00e4gg","block_context":{"text":"Liknande inl\u00e4gg","link":""},"img":{"alt_text":"","src":"","width":0,"height":0},"classes":[]},{"id":3263,"url":"https:\/\/folkbat.se\/wordpress\/?page_id=3263","url_meta":{"origin":4195,"position":2},"title":"OFK \u2013 Ostkustens Folkb\u00e5tsklubb","author":"ostkustensfk","date":"10 mars 2023","format":false,"excerpt":"Ostkustens Folkb\u00e5tsklubb \u00e4r den st\u00f6rsta flottiljen i f\u00f6rbundet med ~140 medlemmar.Flottiljen str\u00e4cker sig fr\u00e5n Kalmar i s\u00f6der till Haparanda i norr. De flesta medlemmarna finns i Stockholmstrakten, d\u00e4r de aktiva kappseglarna i huvudsak parkerar sina b\u00e5tar hos Vikingarnas Segels\u00e4llskap vid Stora Hundudden i Stockholm. Stockholmsserien 2026 I Stockholmsserien 2026 r\u00e4knar\u2026","rel":"","context":"Liknande inl\u00e4gg","block_context":{"text":"Liknande inl\u00e4gg","link":""},"img":{"alt_text":"","src":"","width":0,"height":0},"classes":[]}],"_links":{"self":[{"href":"https:\/\/folkbat.se\/wordpress\/index.php?rest_route=\/wp\/v2\/pages\/4195","targetHints":{"allow":["GET"]}}],"collection":[{"href":"https:\/\/folkbat.se\/wordpress\/index.php?rest_route=\/wp\/v2\/pages"}],"about":[{"href":"https:\/\/folkbat.se\/wordpress\/index.php?rest_route=\/wp\/v2\/types\/page"}],"author":[{"embeddable":true,"href":"https:\/\/folkbat.se\/wordpress\/index.php?rest_route=\/wp\/v2\/users\/1"}],"replies":[{"embeddable":true,"href":"https:\/\/folkbat.se\/wordpress\/index.php?rest_route=%2Fwp%2Fv2%2Fcomments&post=4195"}],"version-history":[{"count":4,"href":"https:\/\/folkbat.se\/wordpress\/index.php?rest_route=\/wp\/v2\/pages\/4195\/revisions"}],"predecessor-version":[{"id":4394,"href":"https:\/\/folkbat.se\/wordpress\/index.php?rest_route=\/wp\/v2\/pages\/4195\/revisions\/4394"}],"up":[{"embeddable":true,"href":"https:\/\/folkbat.se\/wordpress\/index.php?rest_route=\/wp\/v2\/pages\/16"}],"wp:attachment":[{"href":"https:\/\/folkbat.se\/wordpress\/index.php?rest_route=%2Fwp%2Fv2%2Fmedia&parent=4195"}],"curies":[{"name":"wp","href":"https:\/\/api.w.org\/{rel}","templated":true}]}}