{"id":50,"date":"2015-01-12T14:09:24","date_gmt":"2015-01-12T13:09:24","guid":{"rendered":"http:\/\/folkbat.se\/wordpress\/?page_id=50"},"modified":"2023-03-15T12:52:29","modified_gmt":"2023-03-15T11:52:29","slug":"lankar","status":"publish","type":"page","link":"https:\/\/folkbat.se\/wordpress\/?page_id=50","title":{"rendered":"L\u00e4nkar"},"content":{"rendered":"\n<h3 class=\"wp-block-heading\">F\u00f6rbund<\/h3>\n\n\n\n<ul class=\"wp-block-list\"><li><a href=\"http:\/\/www.svensksegling.se\/\">Svenska Seglarf\u00f6rbundet<\/a><\/li><li><a href=\"http:\/\/www.folkboat.com\/\">Nordic Folkboat International Association<\/a><\/li><li><a href=\"http:\/\/www.folkebaad.dk\/\">Dansk Folkeb\u00e5dsklub<\/a><\/li><li><a href=\"http:\/\/folkboot.ee\/\">Eesti Folkbootide Flotill<\/a> (Estland)<\/li><li><a href=\"http:\/\/www.folkkari.net\/\">Finlands Folkb\u00e5tsf\u00f6rbund<\/a><\/li><li><a href=\"http:\/\/www.folkboot.nl\/\">Nederlandse Folkboot Club<\/a> (Nederl\u00e4nderna)<\/li><li><a href=\"https:\/\/nordicfolkboatspain.wordpress.com\">Asociaci\u00f3n Nordic Folkboat Espa\u00f1a<\/a> (Spanien)<\/li><li><a href=\"http:\/\/www.folkboats.com\">UK Folkboat Association<\/a><\/li><li><a href=\"http:\/\/www.folkeboot.de\/\">Deutsche Folkeboot Vereinigung<\/a><\/li><li><a href=\"http:\/\/www.folkeboot.hu\/\">Folkeboot Magyarorsz\u00e1gon<\/a> (Ungern)<\/li><li><a href=\"http:\/\/www.sfbayfolkboats.org\/\">SF Bay Folkboat Association<\/a><\/li><\/ul>\n\n\n\n<h3 class=\"wp-block-heading\">B\u00e5tbyggare och tillbeh\u00f6r<\/h3>\n\n\n\n<p>Nya och begagnade b\u00e5tar och tillbeh\u00f6r, se <a href=\"https:\/\/folkbat.se\/wordpress\/?page_id=1209\">Kom ig\u00e5ng och segla!<\/a><\/p>\n\n\n\n<ul class=\"wp-block-list\"><li><a href=\"http:\/\/www.matsbat.com\/information.html\">Mats b\u00e5tbyggeri<\/a> \u2013\u00a0master och bommar i tr\u00e4.<\/li><li><a href=\"http:\/\/www.batbyggeriet.se\">Annell b\u00e5tbyggeri<\/a> \u2013 renoveringar, nybyggen och master<\/li><\/ul>\n\n\n\n<h3 class=\"wp-block-heading\">Segelmakare<\/h3>\n\n\n\n<ul class=\"wp-block-list\"><li><a href=\"http:\/\/www.gransegel.se\/\">Gransegel<\/a><\/li><li><a href=\"http:\/\/www.hamelsails.com\/\">Hamel Sails<\/a> \u2013\u00a00454-19300, 08-7170546<\/li><li><a href=\"http:\/\/www.nextsails.com\/\">Next Sails<\/a> \u2013 08-59082460<\/li><li>Bengt Johansson Sails \u2013\u00a0033-254124<\/li><li><a href=\"http:\/\/www.se.northsails.com\/\">North Sails<\/a><\/li><\/ul>\n\n\n\n<h3 class=\"wp-block-heading\">Enmetersfolkb\u00e5ten<\/h3>\n\n\n\n<ul class=\"wp-block-list\"><li><a href=\"http:\/\/www.minifolkboat.se\"><i>mini<\/i>Folkboat.se \u2013 L\u00e4nk till b\u00e5tbyggaren<\/a><\/li><li><a href=\"http:\/\/www.srss.se\/minifolkb\u00e5t\"><i>mini<\/i>Folkb\u00e5t i Stockholm<\/a><\/li><li><a href=\"http:\/\/www.folkeboot-berlin.de\/folke-mini-boot-gesamt.htm\"><i>mini<\/i>Folkb\u00e5tar i Tyskland<\/a><\/li><\/ul>\n\n\n\n<h3 class=\"wp-block-heading\">Tidskrifter<\/h3>\n\n\n\n<ul class=\"wp-block-list\"><li><a href=\"http:\/\/www.searchmagazine.se\/\"> Search Magazine<\/a><\/li><\/ul>\n\n\n\n<h3 class=\"wp-block-heading\">\u00d6vrigt<\/h3>\n\n\n\n<ul class=\"wp-block-list\"><li><a href=\"http:\/\/www.KF-yachts.se\">Karlskrona Folk Yachts<\/a> \u2013\u00a0folkb\u00e5tsuthyrning i Karlskrona!<\/li><li><a href=\"http:\/\/www.skeppsmyran.se\">Tr\u00e4b\u00e5tss\u00e4llskapet Skeppsmyran<\/a><\/li><li><a href=\"https:\/\/sv.wikipedia.org\/wiki\/SM_i_folkb\u00e5t\">SM-medalj\u00f6rer i Folkb\u00e5t p\u00e5 Wikipedia<\/a><\/li><\/ul>\n","protected":false},"excerpt":{"rendered":"<p>F\u00f6rbund Svenska Seglarf\u00f6rbundet Nordic Folkboat International Association Dansk Folkeb\u00e5dsklub Eesti Folkbootide Flotill (Estland) Finlands Folkb\u00e5tsf\u00f6rbund Nederlandse Folkboot Club (Nederl\u00e4nderna) Asociaci\u00f3n Nordic Folkboat Espa\u00f1a (Spanien) UK Folkboat Association Deutsche Folkeboot Vereinigung Folkeboot Magyarorsz\u00e1gon (Ungern) SF Bay Folkboat Association B\u00e5tbyggare och tillbeh\u00f6r&hellip; <a href=\"https:\/\/folkbat.se\/wordpress\/?page_id=50\" class=\"apace-readmore-link\"><span class=\"screen-reader-text\">L\u00e4nkar<\/span>L\u00e4s mer<\/a><\/p>\n","protected":false},"author":1,"featured_media":0,"parent":21,"menu_order":0,"comment_status":"closed","ping_status":"closed","template":"","meta":{"footnotes":""},"class_list":["post-50","page","type-page","status-publish","hentry"],"jetpack_sharing_enabled":true,"jetpack_shortlink":"https:\/\/wp.me\/P5CsWc-O","jetpack-related-posts":[{"id":200,"url":"https:\/\/folkbat.se\/wordpress\/?page_id=200","url_meta":{"origin":50,"position":0},"title":"Klassregler","author":"Webbmaster","date":"2 april 2015","format":false,"excerpt":"Klassregler finns hos Nordic Folkboat International Association. En ej l\u00e4ngre g\u00e4llande men senast \u00f6versatt version till svenska kan f\u00e5s via mejl, webb@folkbat.se, att till exempel anv\u00e4ndas som st\u00f6d vid l\u00e4sning av de g\u00e4llande klassreglerna ovan. Svenska Seglarf\u00f6rbundets databas med m\u00e4tbrev finns p\u00e5 matbrev.svensksegling.se\/Entyp\/ApprovedList.","rel":"","context":"Med 2 kommentarer","block_context":{"text":"Med 2 kommentarer","link":"https:\/\/folkbat.se\/wordpress\/?page_id=200#comments"},"img":{"alt_text":"","src":"","width":0,"height":0},"classes":[]},{"id":1209,"url":"https:\/\/folkbat.se\/wordpress\/?page_id=1209","url_meta":{"origin":50,"position":1},"title":"Kom ig\u00e5ng och segla!","author":"Webbmaster","date":"28 februari 2017","format":false,"excerpt":"Vi \u00e4r drygt 20 kappseglande b\u00e5tar i Sverige och \u00f6ver 200 i Nordeuropa. Varje \u00e5r seglar vi om Svenskt m\u00e4sterskap och om Guldpokalen (v\u00e5r internationella t\u00e4vling) i Norden eller Tyskland samt andra t\u00e4vlingar i Sverige och Norden. Aktuella kappseglingar H\u00e4r finns kappseglingsprogrammet Begagnade folkb\u00e5tar och tillbeh\u00f6r Du f\u00e5r en bra\u2026","rel":"","context":"Liknande inl\u00e4gg","block_context":{"text":"Liknande inl\u00e4gg","link":""},"img":{"alt_text":"","src":"","width":0,"height":0},"classes":[]}],"_links":{"self":[{"href":"https:\/\/folkbat.se\/wordpress\/index.php?rest_route=\/wp\/v2\/pages\/50","targetHints":{"allow":["GET"]}}],"collection":[{"href":"https:\/\/folkbat.se\/wordpress\/index.php?rest_route=\/wp\/v2\/pages"}],"about":[{"href":"https:\/\/folkbat.se\/wordpress\/index.php?rest_route=\/wp\/v2\/types\/page"}],"author":[{"embeddable":true,"href":"https:\/\/folkbat.se\/wordpress\/index.php?rest_route=\/wp\/v2\/users\/1"}],"replies":[{"embeddable":true,"href":"https:\/\/folkbat.se\/wordpress\/index.php?rest_route=%2Fwp%2Fv2%2Fcomments&post=50"}],"version-history":[{"count":11,"href":"https:\/\/folkbat.se\/wordpress\/index.php?rest_route=\/wp\/v2\/pages\/50\/revisions"}],"predecessor-version":[{"id":3073,"href":"https:\/\/folkbat.se\/wordpress\/index.php?rest_route=\/wp\/v2\/pages\/50\/revisions\/3073"}],"up":[{"embeddable":true,"href":"https:\/\/folkbat.se\/wordpress\/index.php?rest_route=\/wp\/v2\/pages\/21"}],"wp:attachment":[{"href":"https:\/\/folkbat.se\/wordpress\/index.php?rest_route=%2Fwp%2Fv2%2Fmedia&parent=50"}],"curies":[{"name":"wp","href":"https:\/\/api.w.org\/{rel}","templated":true}]}}