{"id":83,"date":"2015-01-12T15:36:10","date_gmt":"2015-01-12T14:36:10","guid":{"rendered":"http:\/\/folkbat.se\/wordpress\/?page_id=83"},"modified":"2026-03-15T23:11:00","modified_gmt":"2026-03-15T22:11:00","slug":"annonsera","status":"publish","type":"page","link":"https:\/\/folkbat.se\/wordpress\/?page_id=83","title":{"rendered":"Annonsera"},"content":{"rendered":"\n<p>Skicka in din annons till <a title=\"folkbatsborsen@folkbat.se\" href=\"mailto:folkbatsborsen@folkbat.se\">folkbatsborsen@folkbat.se<\/a>,&nbsp;med en till tv\u00e5 bilder. Bilder p\u00e5 b\u00e5tar l\u00e4ggs \u00e4ven upp i Folkb\u00e5tsregister, s\u00e4g till om du inte vill det.<\/p>\n\n\n\n<p>Annonsen som \u00e4r gratis och ligger kvar cirka ett \u00e5r eller tills dess att du meddelar om annat.<\/p>\n","protected":false},"excerpt":{"rendered":"<p>Skicka in din annons till folkbatsborsen@folkbat.se,&nbsp;med en till tv\u00e5 bilder. Bilder p\u00e5 b\u00e5tar l\u00e4ggs \u00e4ven upp i Folkb\u00e5tsregister, s\u00e4g till om du inte vill det. Annonsen som \u00e4r gratis och ligger kvar cirka ett \u00e5r eller tills dess att du&hellip; <a href=\"https:\/\/folkbat.se\/wordpress\/?page_id=83\" class=\"apace-readmore-link\"><span class=\"screen-reader-text\">Annonsera<\/span>L\u00e4s mer<\/a><\/p>\n","protected":false},"author":1,"featured_media":0,"parent":3306,"menu_order":0,"comment_status":"closed","ping_status":"closed","template":"","meta":{"jetpack_post_was_ever_published":false,"footnotes":""},"class_list":["post-83","page","type-page","status-publish","hentry"],"jetpack_sharing_enabled":true,"jetpack_shortlink":"https:\/\/wp.me\/P5CsWc-1l","jetpack-related-posts":[{"id":2961,"url":"https:\/\/folkbat.se\/wordpress\/?page_id=2961","url_meta":{"origin":83,"position":0},"title":"Bilder","author":"Webbmaster","date":"12 augusti 2022","format":false,"excerpt":"Svenska m\u00e4sterskapet 2022 i Ystad Search Magazine Classic Challenge 2017 Svenska m\u00e4sterskapet 2016 i Stockholm Guldpokalen 1982 i Simrishamn Finlands Folkb\u00e5tsf\u00f6rbunds bildarkiv: https:\/\/www.folkkari.net\/32425","rel":"","context":"Liknande inl\u00e4gg","block_context":{"text":"Liknande inl\u00e4gg","link":""},"img":{"alt_text":"","src":"https:\/\/i0.wp.com\/folkbat.se\/wordpress\/wp-content\/uploads\/2022\/08\/liten-fil-8111002.jpg?resize=350%2C200","width":350,"height":200,"srcset":"https:\/\/i0.wp.com\/folkbat.se\/wordpress\/wp-content\/uploads\/2022\/08\/liten-fil-8111002.jpg?resize=350%2C200 1x, https:\/\/i0.wp.com\/folkbat.se\/wordpress\/wp-content\/uploads\/2022\/08\/liten-fil-8111002.jpg?resize=525%2C300 1.5x, https:\/\/i0.wp.com\/folkbat.se\/wordpress\/wp-content\/uploads\/2022\/08\/liten-fil-8111002.jpg?resize=700%2C400 2x, https:\/\/i0.wp.com\/folkbat.se\/wordpress\/wp-content\/uploads\/2022\/08\/liten-fil-8111002.jpg?resize=1050%2C600 3x, https:\/\/i0.wp.com\/folkbat.se\/wordpress\/wp-content\/uploads\/2022\/08\/liten-fil-8111002.jpg?resize=1400%2C800 4x"},"classes":[]},{"id":2938,"url":"https:\/\/folkbat.se\/wordpress\/?page_id=2938","url_meta":{"origin":83,"position":1},"title":"Svenska m\u00e4sterskapet 2016 i Stockholm","author":"Webbmaster","date":"12 augusti 2022","format":false,"excerpt":"Foto: Niclas Sk\u00e4rlund","rel":"","context":"Liknande inl\u00e4gg","block_context":{"text":"Liknande inl\u00e4gg","link":""},"img":{"alt_text":"","src":"https:\/\/i0.wp.com\/folkbat.se\/wordpress\/wp-content\/uploads\/2022\/08\/sm2016-1-1.jpg?resize=350%2C200&ssl=1","width":350,"height":200,"srcset":"https:\/\/i0.wp.com\/folkbat.se\/wordpress\/wp-content\/uploads\/2022\/08\/sm2016-1-1.jpg?resize=350%2C200&ssl=1 1x, https:\/\/i0.wp.com\/folkbat.se\/wordpress\/wp-content\/uploads\/2022\/08\/sm2016-1-1.jpg?resize=525%2C300&ssl=1 1.5x, https:\/\/i0.wp.com\/folkbat.se\/wordpress\/wp-content\/uploads\/2022\/08\/sm2016-1-1.jpg?resize=700%2C400&ssl=1 2x, https:\/\/i0.wp.com\/folkbat.se\/wordpress\/wp-content\/uploads\/2022\/08\/sm2016-1-1.jpg?resize=1050%2C600&ssl=1 3x"},"classes":[]},{"id":2991,"url":"https:\/\/folkbat.se\/wordpress\/?page_id=2991","url_meta":{"origin":83,"position":2},"title":"Guldpokalen 1982 i Simrishamn","author":"Webbmaster","date":"12 augusti 2022","format":false,"excerpt":"Foto: Ok\u00e4nd","rel":"","context":"Liknande inl\u00e4gg","block_context":{"text":"Liknande inl\u00e4gg","link":""},"img":{"alt_text":"","src":"https:\/\/i0.wp.com\/folkbat.se\/wordpress\/wp-content\/uploads\/2022\/08\/gp82-1.jpg?resize=350%2C200&ssl=1","width":350,"height":200,"srcset":"https:\/\/i0.wp.com\/folkbat.se\/wordpress\/wp-content\/uploads\/2022\/08\/gp82-1.jpg?resize=350%2C200&ssl=1 1x, https:\/\/i0.wp.com\/folkbat.se\/wordpress\/wp-content\/uploads\/2022\/08\/gp82-1.jpg?resize=525%2C300&ssl=1 1.5x, https:\/\/i0.wp.com\/folkbat.se\/wordpress\/wp-content\/uploads\/2022\/08\/gp82-1.jpg?resize=700%2C400&ssl=1 2x, https:\/\/i0.wp.com\/folkbat.se\/wordpress\/wp-content\/uploads\/2022\/08\/gp82-1.jpg?resize=1050%2C600&ssl=1 3x, https:\/\/i0.wp.com\/folkbat.se\/wordpress\/wp-content\/uploads\/2022\/08\/gp82-1.jpg?resize=1400%2C800&ssl=1 4x"},"classes":[]},{"id":3079,"url":"https:\/\/folkbat.se\/wordpress\/?page_id=3079","url_meta":{"origin":83,"position":3},"title":"Svenska m\u00e4sterskapet 2022 i Ystad","author":"Webbmaster","date":"18 augusti 2022","format":false,"excerpt":"Foto: Jonas Lindstr\u00f6m","rel":"","context":"Liknande inl\u00e4gg","block_context":{"text":"Liknande inl\u00e4gg","link":""},"img":{"alt_text":"","src":"https:\/\/i0.wp.com\/folkbat.se\/wordpress\/wp-content\/uploads\/2022\/08\/liten-fil-8110595.jpg?resize=350%2C200&ssl=1","width":350,"height":200,"srcset":"https:\/\/i0.wp.com\/folkbat.se\/wordpress\/wp-content\/uploads\/2022\/08\/liten-fil-8110595.jpg?resize=350%2C200&ssl=1 1x, https:\/\/i0.wp.com\/folkbat.se\/wordpress\/wp-content\/uploads\/2022\/08\/liten-fil-8110595.jpg?resize=525%2C300&ssl=1 1.5x, https:\/\/i0.wp.com\/folkbat.se\/wordpress\/wp-content\/uploads\/2022\/08\/liten-fil-8110595.jpg?resize=700%2C400&ssl=1 2x, https:\/\/i0.wp.com\/folkbat.se\/wordpress\/wp-content\/uploads\/2022\/08\/liten-fil-8110595.jpg?resize=1050%2C600&ssl=1 3x, https:\/\/i0.wp.com\/folkbat.se\/wordpress\/wp-content\/uploads\/2022\/08\/liten-fil-8110595.jpg?resize=1400%2C800&ssl=1 4x"},"classes":[]},{"id":2970,"url":"https:\/\/folkbat.se\/wordpress\/?page_id=2970","url_meta":{"origin":83,"position":4},"title":"Search Magazine Classic Challenge 2017","author":"Webbmaster","date":"12 augusti 2022","format":false,"excerpt":"Foto: Alexander Bratt","rel":"","context":"Liknande inl\u00e4gg","block_context":{"text":"Liknande inl\u00e4gg","link":""},"img":{"alt_text":"","src":"https:\/\/i0.wp.com\/folkbat.se\/wordpress\/wp-content\/uploads\/2022\/08\/75jubileum-01.jpg?resize=350%2C200&ssl=1","width":350,"height":200,"srcset":"https:\/\/i0.wp.com\/folkbat.se\/wordpress\/wp-content\/uploads\/2022\/08\/75jubileum-01.jpg?resize=350%2C200&ssl=1 1x, https:\/\/i0.wp.com\/folkbat.se\/wordpress\/wp-content\/uploads\/2022\/08\/75jubileum-01.jpg?resize=525%2C300&ssl=1 1.5x, https:\/\/i0.wp.com\/folkbat.se\/wordpress\/wp-content\/uploads\/2022\/08\/75jubileum-01.jpg?resize=700%2C400&ssl=1 2x"},"classes":[]},{"id":53,"url":"https:\/\/folkbat.se\/wordpress\/?page_id=53","url_meta":{"origin":83,"position":5},"title":"Historia","author":"Webbmaster","date":"12 januari 2015","format":false,"excerpt":"Folkb\u00e5ten har en tradition. Detta \u00e4r en omistlig kvalit\u00e9 som tycks uppskattas mer och mer och som kanske \u00e4r en delf\u00f6rklaring till den goda sammanh\u00e5llning som man finner bland t. ex. Folkb\u00e5tseglare, Sk\u00e4rg\u00e5rdskryssare, Neppare m. fl. Folkb\u00e5ten fyller 2002 60 \u00e5r. H\u00e4r \u00e4r en tillbakablick: Id\u00e9n I slutet av 30-talet\u2026","rel":"","context":"Liknande inl\u00e4gg","block_context":{"text":"Liknande inl\u00e4gg","link":""},"img":{"alt_text":"","src":"","width":0,"height":0},"classes":[]}],"_links":{"self":[{"href":"https:\/\/folkbat.se\/wordpress\/index.php?rest_route=\/wp\/v2\/pages\/83","targetHints":{"allow":["GET"]}}],"collection":[{"href":"https:\/\/folkbat.se\/wordpress\/index.php?rest_route=\/wp\/v2\/pages"}],"about":[{"href":"https:\/\/folkbat.se\/wordpress\/index.php?rest_route=\/wp\/v2\/types\/page"}],"author":[{"embeddable":true,"href":"https:\/\/folkbat.se\/wordpress\/index.php?rest_route=\/wp\/v2\/users\/1"}],"replies":[{"embeddable":true,"href":"https:\/\/folkbat.se\/wordpress\/index.php?rest_route=%2Fwp%2Fv2%2Fcomments&post=83"}],"version-history":[{"count":6,"href":"https:\/\/folkbat.se\/wordpress\/index.php?rest_route=\/wp\/v2\/pages\/83\/revisions"}],"predecessor-version":[{"id":4433,"href":"https:\/\/folkbat.se\/wordpress\/index.php?rest_route=\/wp\/v2\/pages\/83\/revisions\/4433"}],"up":[{"embeddable":true,"href":"https:\/\/folkbat.se\/wordpress\/index.php?rest_route=\/wp\/v2\/pages\/3306"}],"wp:attachment":[{"href":"https:\/\/folkbat.se\/wordpress\/index.php?rest_route=%2Fwp%2Fv2%2Fmedia&parent=83"}],"curies":[{"name":"wp","href":"https:\/\/api.w.org\/{rel}","templated":true}]}}